{"id":2155,"date":"2024-11-03T12:09:11","date_gmt":"2024-11-03T12:09:11","guid":{"rendered":"https:\/\/avooly.eu\/terms-conditions\/"},"modified":"2025-09-20T07:19:10","modified_gmt":"2025-09-20T07:19:10","slug":"purchase-payments","status":"publish","type":"page","link":"https:\/\/avooly.eu\/lt\/purchase-payments\/","title":{"rendered":"Pirkimo s\u0105lygos ir taisykl\u0117s"},"content":{"rendered":"<p><strong>Atsiskaityti galima naudojantis Swedbank, Seb, Luminor, Citadel\u0117s, \u0160iauli\u0173 banko elektronin\u0117s bankininkyst\u0117s paslaugomis. Atsiskaitymai galimi euro valiuta. Mok\u0117jimai apdorojami naudojantis MakeCommerce.lt mok\u0117jim\u0173 platforma.<\/strong><\/p>\n\n\n\n<p>Elektronin\u0117s parduotuv\u0117s avooly.eu taisykl\u0117s apibr\u0117\u017eian\u010dios pirkimo sutarties sudarym\u0105 bei \u0161ali\u0173 \u012fsipareigojimus.<\/p>\n\n\n\n<ol class=\"wp-block-list\">\n<li><strong>Pagrindin\u0117s nuostatos<\/strong>\n<ol class=\"wp-block-list\">\n<li>\u0160ios pirkimo ir pardavimo taisykl\u0117s (toliau \u2013 Taisykl\u0117s) nustato asmens, \u012fsigyjan\u010dio prekes elektronin\u0117je parduotuv\u0117je avooly.eu (toliau \u2013 Pirk\u0117jas), ir pardav\u0117jo tarpusavio teises, pareigas ir atsakomyb\u0119, Pirk\u0117jui \u012fsigyjant prekes elektronin\u0117je parduotuv\u0117je. \u012esigydamas prekes elektronin\u0117je parduotuv\u0117je, Pirk\u0117jas sutinka su \u0161i\u0173 Taisykli\u0173 taikymu.<\/li>\n<\/ol>\n<\/li>\n<\/ol>\n\n\n\n<ol start=\"2\" class=\"wp-block-list\">\n<li><strong>Pirkimo ir pardavimo sutarties sudarymas<\/strong>\n<ol class=\"wp-block-list\">\n<li>Pirkimo ir pardavimo sutartis tarp Pirk\u0117jo ir Pardav\u0117jo laikoma yra sudaryta nuo tada, kai Pirk\u0117jas elektronin\u0117je parduotuv\u0117je suformav\u0119s preki\u0173 krep\u0161el\u012f, nurod\u0119s infomacij\u0105 apie save: vard\u0105, pavard\u0119, pristatymo adres\u0105, el. pa\u0161t\u0105, telefono numer\u012f ir pasirink\u0119s apmok\u0117jimo b\u016bd\u0105 bei susipa\u017ein\u0119s su \u0161iomis Taisykl\u0117mis, paspaud\u017eia mygtuk\u0105 \u201eU\u017esakyti\u201c, ir galioja iki visi\u0161ko pareig\u0173 pagal \u0161i\u0105 sutart\u012f \u012fvykdymo. Tais atvejais, kai Pirk\u0117jas nepritaria visoms arba tam tikrai daliai Taisykli\u0173, jis privalo nepateikti u\u017esakymo.<\/li>\n<\/ol>\n<\/li>\n\n\n\n<li><strong>Pardav\u0117jo teis\u0117s<\/strong>\n<ol class=\"wp-block-list\">\n<li>Pardav\u0117jas turi teis\u0119 laikinai arba neterminuotai nutraukti elektronin\u0117s parduotuv\u0117s veikl\u0105, prie\u0161 tai \u012fsp\u0117j\u0119s Pirk\u0117jus ir\u00a0 \u012fsipareigoja i\u0161si\u0173sti u\u017esakytas prekias u\u017e kurias Pirk\u0117jas\u00a0 jau yra sumok\u0117j\u0119s.<\/li>\n\n\n\n<li>Pardav\u0117jas turi teis\u0119 viena\u0161ali\u0161kai pakeisti \u0161ias Taisykles, pakeistas Taisykles paskelbdamas elektronin\u0117s parduotuv\u0117s tinklalapyje. Pakeitimai \u012fsigalioja nuo paskelbimo momento visiems po paskelbimo sudaromiems sandoriams.<\/li>\n\n\n\n<li>Pardav\u0117jas turi kitas Taisykl\u0117se ir Lietuvos Respublikos teis\u0117s aktuose numatytas teises.<\/li>\n<\/ol>\n<\/li>\n<\/ol>\n\n\n\n<ol start=\"4\" class=\"wp-block-list\">\n<li><strong>Pardav\u0117jo pareigos<\/strong>\n<ol class=\"wp-block-list\">\n<li>Pardav\u0117jas \u012fsipareigoja d\u0117ti pastangas, sudarant s\u0105lygas Pirk\u0117jui tinkamai naudotis elektronin\u0117s parduotuv\u0117s teikiamomis paslaugomis. Pardav\u0117jas nesuteikia joki\u0173 garantij\u0173, kad elektronin\u0117 parduotuv\u0117 veiks nenutr\u016bkstamai ar kad duomen\u0173 perdavimas bus be klaid\u0173. Pardav\u0117jas neatsako u\u017e jokius Pirk\u0117jo nuostolius, susijusius su elektronin\u0117s parduotuv\u0117s veikimo sutrikimais ir (ar) duomen\u0173 perdavimo klaidomis.<\/li>\n\n\n\n<li>Pardav\u0117jas \u012fsipareigoja i\u0161si\u016bsti Pirk\u0117jui u\u017esakytas prekes per 7\u00a0 \u2013 10 darbo dienas nuo preki\u0173 apmok\u0117jimo.<\/li>\n\n\n\n<li>Pardav\u0117jas \u012fsipareigoja nemokamai\u00a0 pakeist\u012f vartotojo \u012fsigytas prekes, jei jos yra netinkamo dyd\u017eio \u012f analogi\u0161kas kitoki\u0173 matmen\u0173, formos, spalvos, modelio ar kompleksi\u0161kumo prekes. Jeigu Pardav\u0117jas neturi pakeitimui tinkam\u0173 drabu\u017ei\u0173, tai Pirk\u0117jas turi teis\u0119\u00a0 gr\u0105\u017einti drabu\u017eius pardav\u0117jui ir atgauti u\u017e juos sumok\u0117t\u0105 kain\u0105. \u0160iuo atveju Pardav\u0117jas \u012fsipareigoja gra\u017einti Pirk\u0117jui sumok\u0117tus pinigus per 10 darbo dien\u0173 ir yra atleid\u017eiamas nuo atsakomyb\u0117s u\u017e preki\u0173 nepateikim\u0105.<\/li>\n\n\n\n<li>Pardav\u0117jas \u012fsipareigoja laikytis kit\u0173 \u0161iose taisykl\u0117se nustatyt\u0173 reikalavim\u0173.<\/li>\n<\/ol>\n<\/li>\n<\/ol>\n\n\n\n<ol start=\"5\" class=\"wp-block-list\">\n<li><strong>Pirk\u0117jo teis\u0117s<\/strong>\n<ol class=\"wp-block-list\">\n<li>Pirk\u0117jas turi teis\u0119 pirkti prekes elektronin\u0117je parduotuv\u0117je, vadovaudamasis \u0161iomis Taisykl\u0117mis bei Lietuvos Respublikos teis\u0117s aktais.<\/li>\n\n\n\n<li>Pirk\u0117jas (vartotojas) turi teis\u0119 atsisakyti elektronin\u0117je parduotuv\u0117je sudarytos preki\u0173 pirkimo ir pardavimo sutarties su Pardav\u0117ju, apie tai ra\u0161tu prane\u0161damas Pardav\u0117jui per 14 darbo dien\u0173 nuo prek\u0117s pristatymo dienos. Pirk\u0117jas turi teis\u0119 atsisakyti preki\u0173 pirkimo ir pardavimo sutarties su Pardav\u0117ju tik tuo atveju, jei prek\u0117 yra kokybi\u0161ka, nebuvo sugadinta ir i\u0161 esm\u0117s nepasikeit\u0117 jos i\u0161vaizda.<\/li>\n\n\n\n<li>Pirk\u0117jas turi kitas Taisykl\u0117se ir Lietuvos Respublikos teis\u0117s aktuose numatytas teises.<\/li>\n<\/ol>\n<\/li>\n<\/ol>\n\n\n\n<ol start=\"6\" class=\"wp-block-list\">\n<li><strong>Pirk\u0117jo pareigos<\/strong>\n<ol class=\"wp-block-list\">\n<li>Pirk\u0117jas privalo sumok\u0117ti preki\u0173 bei j\u0173 pristatymo kain\u0105, taip pat kitus mok\u0117jimus (jei tokie nurodyti, sudarant sutart\u012f) ir priimti u\u017esakytas prekes<\/li>\n\n\n\n<li>Prek\u0117s pradedamos gaminti bei Pardav\u0117jas imasi vykdyti pirkimo-pardavimo sutart\u012f tik tada, kai Pardav\u0117jas gauna prane\u0161im\u0105 i\u0161 Pirk\u0117jo banko apie atlikt\u0105 mok\u0117jim\u0105 u\u017e pasirinktas prekes.<\/li>\n\n\n\n<li>Pirk\u0117jas privalo laikytis kit\u0173 Taisykl\u0117se bei Lietuvos Respublikos teis\u0117s aktuose nustatyt\u0173 reikalavim\u0173.<\/li>\n<\/ol>\n<\/li>\n<\/ol>\n\n\n\n<ol start=\"7\" class=\"wp-block-list\">\n<li><strong>Bendra atsakomyb\u0117<\/strong>\n<ol class=\"wp-block-list\">\n<li>Pirk\u0117jas atsako u\u017e pateikt\u0173 duomen\u0173 teisingum\u0105. Pirk\u0117jas prisiima atsakomyb\u0119 u\u017e padarinius, kilusius d\u0117l\u00a0 pateikt\u0173 duomen\u0173 klaidingumo ar netikslumo.<\/li>\n\n\n\n<li>U\u017e pirkimo ir pardavimo sutarties, sudarytos naudojantis elektronine parduotuve, pa\u017eeidim\u0105 \u0161alys atsako Lietuvos Respublikos teis\u0117s akt\u0173 nustatyta tvarka.<\/li>\n\n\n\n<li>Pardav\u0117jas neatsako u\u017e tai, kad elektronin\u0117je parduotuv\u0117je vaizduojamos prek\u0117s savo spalva, forma ar kitais parametrais neatitinka realaus preki\u0173 dyd\u017eio, form\u0173 ir spalvos d\u0117l Pirk\u0117jo naudojamo vaizduoklio ypatybi\u0173.<\/li>\n\n\n\n<li>Pardav\u0117jas neatsako u\u017e drabu\u017eio kokyb\u0117s pasikeitimus, jei pirk\u0117jas eksploatavo drabu\u017e\u012f nesilakydamas etiket\u0117je nurodyt\u0173 drabu\u017eio skalbimo bei kit\u0173 prie\u017ei\u016bros instrukcij\u0173.<\/li>\n\n\n\n<li>\u0160ia sutartimi Pardav\u0117jas persp\u0117ja, kad d\u0117vint, skalbiant drabu\u017e\u012f audinio spalva, strukt\u016bra ar kitos savyb\u0117s gali keistis.<\/li>\n\n\n\n<li>Atsiradus \u017ealai, kaltoji \u0161alis atlygina kitai \u0161aliai d\u0117l jos kalt\u0117s patirtus tiesioginius nuostolius.<\/li>\n<\/ol>\n<\/li>\n<\/ol>\n\n\n\n<ol start=\"8\" class=\"wp-block-list\">\n<li><strong>Asmens duomen\u0173 tvarkymas:<\/strong>\n<ol class=\"wp-block-list\">\n<li>Paspausdamas mygtuk\u0105 \u201eU\u017esakyti\u201c, Pirk\u0117jas patvirtina, kad jis ir jo atstovai (Pirk\u0117jas turi savo atstov\u0173 sutikimus) sutinka pateikti Pardav\u0117jui savo asmens duomenis bei neprie\u0161tarauja, kad Pirk\u0117jo ir (ar) jo atstov\u0173 pateiktus asmens duomenis Pardav\u0117jas tvarkyt\u0173 tiek Pirk\u0117jo ir (ar) jo atstov\u0173 identifikavimo, sutar\u010di\u0173 sudarymo, vykdymo (internetin\u0117s prekybos), tiek tiesiogin\u0117s rinkodaros tikslais. Pardav\u0117jas nurodo, kad Pirk\u0117jo (jei \u0161is yra fizinis asmuo) ir jo atstov\u0173 asmens kod\u0173 tiesiogin\u0117s rinkodaros tikslu Pardav\u0117jas netvarkys.<\/li>\n\n\n\n<li>Paspausdamas mygtuk\u0105 \u201eU\u017esakyti\u201c, Pirk\u0117jas patvirtina, kad jis (jei Pirk\u0117jas yra fizinis asmuo) ir jo atstovai yra informuoti apie savo teis\u0119 susipa\u017einti su Pardav\u0117jo tvarkomais savo asmens duomenimis ir kaip jie yra tvarkomi, reikalauti i\u0161taisyti, sunaikinti savo asmens duomenis arba sustabdyti savo asmens duomen\u0173 tvarkymo veiksmus, kai duomenys tvarkomi nesilaikant \u012fstatym\u0173 nuostat\u0173, nesutikti, kad b\u016bt\u0173 tvarkomi j\u0173 asmens duomenys.<\/li>\n\n\n\n<li>Paspausdamas mygtuk\u0105 \u201eU\u017esakyti\u201c, Pirk\u0117jas patvirtina, kad jis ir jo atstovai \u017eino turintys teis\u0119 atsisakyti pateikti savo asmens duomenis, ta\u010diau supranta, kad asmens duomenys yra reikalingi ir b\u016btini siekiant vienareik\u0161miai identifikuoti Pirk\u0117j\u0105 ir (ar) jo atstovus sutar\u010di\u0173 sudarymo, vykdymo (internetin\u0117s prekybos) tikslais ir nepateikus asmens duomen\u0173 ir (ar) nesutikus, kad jie b\u016bt\u0173 tvarkomi auk\u0161\u010diau nurodytais tikslais, negal\u0117s sudaryti ir (ar) vykdyti sutarties.<\/li>\n<\/ol>\n<\/li>\n<\/ol>\n\n\n\n<ol start=\"9\" class=\"wp-block-list\">\n<li><strong>Informacijos siuntimas<\/strong>\n<ol class=\"wp-block-list\">\n<li>Pardav\u0117jas visus informacinius prane\u0161imus ir prane\u0161imus tiesiogin\u0117s rinkodaros tikslais, siun\u010dia Pirk\u0117jo registracijos formoje pateiktu elektroninio pa\u0161to adresu.<\/li>\n\n\n\n<li>Pirk\u0117jas visus prane\u0161imus ir klausimus siun\u010dia Pardav\u0117jo elektronin\u0117je parduotuv\u0117je pateiktais duomenimis.<\/li>\n<\/ol>\n<\/li>\n<\/ol>\n\n\n\n<ol start=\"10\" class=\"wp-block-list\">\n<li><strong>Baigiamosios nuostatos<\/strong>\n<ol class=\"wp-block-list\">\n<li>Pirk\u0117jas ir Pardav\u0117jas susitaria, kad visa informacija, kuri pateikiama Pardav\u0117jo elektronin\u0117s parduotuv\u0117s tinklalapyje (\u012fskaitant, bet neapsiribojant, \u0161ias Taisykles, informacij\u0105 apie Pardav\u0117j\u0105, si\u016blomas prekes ir paslaugas bei j\u0173 savybes, Pirk\u0117jo teis\u0117s atsisakyti pirkimo ir pardavimo sutarties \u012fgyvendinimo tvark\u0105, Pardav\u0117jo teikiamas prek\u0117s prie\u017ei\u016bros paslaugas ir garantijas (jeigu jos suteikiamos)) laikoma pateikta Pirk\u0117jui ra\u0161tu.<\/li>\n\n\n\n<li>Visi nesutarimai, kil\u0119 ar susij\u0119 su pirkimo ir pardavimo sutartimi tarp Pirk\u0117jo ir Pardav\u0117jo, yra sprend\u017eiami derybomis. Nepavykus susitarti, nesutarimai yra sprend\u017eiami Lietuvos Respublikos teis\u0117s akt\u0173 nustatyta tvarka.<\/li>\n<\/ol>\n<\/li>\n<\/ol>\n\n\n\n<p><\/p>","protected":false},"excerpt":{"rendered":"<p>Atsiskaityti galima naudojantis Swedbank, Seb, Luminor, Citadel\u0117s, \u0160iauli\u0173 banko elektronin\u0117s bankininkyst\u0117s paslaugomis. Atsiskaitymai galimi euro valiuta. Mok\u0117jimai apdorojami naudojantis MakeCommerce.lt mok\u0117jim\u0173 platforma. Elektronin\u0117s parduotuv\u0117s avooly.eu taisykl\u0117s apibr\u0117\u017eian\u010dios pirkimo sutarties sudarym\u0105 bei \u0161ali\u0173 \u012fsipareigojimus.<\/p>","protected":false},"author":1,"featured_media":0,"parent":0,"menu_order":0,"comment_status":"closed","ping_status":"closed","template":"template-compact.php","meta":{"_acf_changed":false,"inline_featured_image":false,"_uag_custom_page_level_css":"","footnotes":""},"class_list":["post-2155","page","type-page","status-publish","hentry"],"aioseo_notices":[],"acf":[],"uagb_featured_image_src":{"full":false,"thumbnail":false,"medium":false,"medium_large":false,"large":false,"1536x1536":false,"2048x2048":false,"trp-custom-language-flag":false,"woocommerce_thumbnail":false,"woocommerce_single":false,"woocommerce_gallery_thumbnail":false},"uagb_author_info":{"display_name":"","author_link":"https:\/\/avooly.eu\/lt\/author\/infoavooly-lt\/"},"uagb_comment_info":0,"uagb_excerpt":"Atsiskaityti galima naudojantis Swedbank, Seb, Luminor, Citadel\u0117s, \u0160iauli\u0173 banko elektronin\u0117s bankininkyst\u0117s paslaugomis. Atsiskaitymai galimi euro valiuta. Mok\u0117jimai apdorojami naudojantis MakeCommerce.lt mok\u0117jim\u0173 platforma. Elektronin\u0117s parduotuv\u0117s avooly.eu taisykl\u0117s apibr\u0117\u017eian\u010dios pirkimo sutarties sudarym\u0105 bei \u0161ali\u0173 \u012fsipareigojimus.","_links":{"self":[{"href":"https:\/\/avooly.eu\/lt\/wp-json\/wp\/v2\/pages\/2155","targetHints":{"allow":["GET"]}}],"collection":[{"href":"https:\/\/avooly.eu\/lt\/wp-json\/wp\/v2\/pages"}],"about":[{"href":"https:\/\/avooly.eu\/lt\/wp-json\/wp\/v2\/types\/page"}],"author":[{"embeddable":true,"href":"https:\/\/avooly.eu\/lt\/wp-json\/wp\/v2\/users\/1"}],"replies":[{"embeddable":true,"href":"https:\/\/avooly.eu\/lt\/wp-json\/wp\/v2\/comments?post=2155"}],"version-history":[{"count":3,"href":"https:\/\/avooly.eu\/lt\/wp-json\/wp\/v2\/pages\/2155\/revisions"}],"predecessor-version":[{"id":3533,"href":"https:\/\/avooly.eu\/lt\/wp-json\/wp\/v2\/pages\/2155\/revisions\/3533"}],"wp:attachment":[{"href":"https:\/\/avooly.eu\/lt\/wp-json\/wp\/v2\/media?parent=2155"}],"curies":[{"name":"wp","href":"https:\/\/api.w.org\/{rel}","templated":true}]}}