{"id":2156,"date":"2024-11-05T19:41:56","date_gmt":"2024-11-05T19:41:56","guid":{"rendered":"https:\/\/avooly.eu\/privacy-policy-2\/"},"modified":"2025-09-21T08:11:44","modified_gmt":"2025-09-21T08:11:44","slug":"privacy-policy","status":"publish","type":"page","link":"https:\/\/avooly.eu\/lt\/privacy-policy\/","title":{"rendered":"Privatumo politika"},"content":{"rendered":"<ol class=\"wp-block-list\">\n<li><strong>Pagrindin\u0117s s\u0105vokos<\/strong>\n<ol class=\"wp-block-list\">\n<li>Svetain\u0117s&nbsp;<a href=\"https:\/\/avooly.eu\/\" target=\"_blank\" rel=\"noopener\" title=\"\">avooly.eu<\/a>&nbsp;operatorius ir duomen\u0173 valdytojas \u2013 Ramun\u0117 Simonaitien\u0117, pagal Lietuvos Respublikos \u012fstatymus vykdanti individuali\u0105 veikl\u0105 nr. 1425396, elektroninio pa\u0161to adresas&nbsp;<a href=\"mailto:info@avooly.eu\" target=\"_blank\" rel=\"noopener\" title=\"\">info@avooly.eu<\/a><\/li>\n\n\n\n<li>Pirk\u0117jas \u2013 veiksnus fizinis arba juridinis asmuo, \u012fsigij\u0119s preki\u0173 interneto parduotuv\u0117je&nbsp;<a href=\"https:\/\/www.dchoice.lt\/\" target=\"_blank\" rel=\"noreferrer noopener\"><\/a><a href=\"https:\/\/avooly.eu\/\" target=\"_blank\" rel=\"noopener\" title=\"\">avooly.eu<\/a>.<\/li>\n\n\n\n<li>Asmens duomen\u0173 tvarkymo taisykl\u0117s (toliau \u2013 Taisykl\u0117s), reglamentuoja pagrindinius asmens duomen\u0173 rinkimo, tvarkymo ir saugojimo principus, kuriais remiasi Duomen\u0173 valdytojas tvarkydamas Pirk\u0117jo asmeninius duomenis.<\/li>\n<\/ol>\n<\/li>\n\n\n\n<li><strong>Bendrosios nuostatos<\/strong>\n<ol class=\"wp-block-list\">\n<li>Pirk\u0117jo asmenini\u0173 duomen\u0173 tvarkym\u0105 nustato Lietuvos Respublikos Asmens duomen\u0173 teisin\u0117s apsaugos \u012fstatymas ir kiti teis\u0117s aktai, reglamentuojantys toki\u0173 duomen\u0173 rinkim\u0105 bei \u0161ios Taisykl\u0117s.<\/li>\n\n\n\n<li>Pirk\u0117j\u0173 duomenys renkami apibr\u0117\u017etais ir teis\u0117tais tikslais, tvarkomi s\u0105\u017einingai ir tiksliai.<\/li>\n<\/ol>\n<\/li>\n\n\n\n<li><strong>Asmens duomen\u0173 tvarkymas<\/strong>\n<ol class=\"wp-block-list\">\n<li>Pirk\u0117jas sutinka, kad asmens duomenys, kuriuos jis savo noru pateikia u\u017esakymo metu, b\u016bt\u0173 tvarkomi remiantis \u0161iomis taisykl\u0117mis.<\/li>\n\n\n\n<li>Pirk\u0117jas turi teis\u0119 susipa\u017einti su savo asmens duomenimis ir teis\u0119 reikalauti i\u0161taisyti neteisingus, nei\u0161samius, netikslius savo asmens duomenis, para\u0161ydamas el. lai\u0161k\u0105&nbsp;<a href=\"mailto:info@avooly.eu\" target=\"_blank\" rel=\"noopener\" title=\"\">info@avooly.eu<\/a>. Tokiu atveju Pardav\u0117jas nedelsdamas turi \u012fgyvendinti Pirk\u0117jo pra\u0161ym\u0105 (per 1-2 dienas).<\/li>\n\n\n\n<li>Duomen\u0173 valdytojas pripa\u017e\u012fsta ir gerbia kiekvieno Pirk\u0117jo, kuris daro u\u017esakym\u0105 interneto parduotuv\u0117je&nbsp;<a href=\"https:\/\/www.dchoice.lt\/\" target=\"_blank\" rel=\"noreferrer noopener\"><\/a><a href=\"https:\/\/avooly.eu\/\" target=\"_blank\" rel=\"noopener\" title=\"\">avooly.eu<\/a>, teis\u0119 \u012f privatum\u0105. Duomen\u0173 valdytojas renka ir naudoja Pirk\u0117jo asmens duomenis (pavadinim\u0105 arba vard\u0105 ir pavard\u0119, adres\u0105, telefono numer\u012f, elektroninio pa\u0161to adres\u0105 ir kit\u0105 interneto parduotuv\u0117s u\u017esakymo metu nurodyt\u0105 informacij\u0105) preki\u0173 u\u017esakym\u0173 apdorojimui arba kit\u0173 prisiimt\u0173 sutartini\u0173 \u012fsipareigojim\u0173 vykdymui. Klientas darydamas u\u017esakym\u0105 gali pareik\u0161ti savo sutikim\u0105\/nesutikim\u0105 d\u0117l jo asmens duomen\u0173 naudojimo tiesiogin\u0117s rinkodaros tikslams. Tai jis padaro pa\u017eym\u0117damas (sutinku, kad jos asmens duomenys b\u016bt\u0173 naudojami tiesiogin\u0117s rinkodaros tikslais) arba nepa\u017eym\u0117damas varnel\u0117s (nesutinka).<\/li>\n\n\n\n<li>Duomen\u0173 valdytojas \u012fsipareigoja neatskleisti Pirk\u0117jo asmens duomen\u0173 tretiesiems asmenims, i\u0161skyrus Duomen\u0173 valdytojo partnerius, teikian\u010dius preki\u0173 pristatymo arba kitas, su Pirk\u0117jo u\u017esakymo tinkamu \u012fvykdymu susijusias paslaugas. Visais kitais atvejais Pirk\u0117jo asmens duomenys tretiesiems asmenims gali b\u016bti atskleid\u017eiami tik Lietuvos Respublikos teis\u0117s akt\u0173 numatyta tvarka.<\/li>\n\n\n\n<li>Asmens duomenys tvarkomi naudojant saugias priemones, apsaugan\u010dias \u0161iuos duomenis nuo neteis\u0117to sunaikinimo, atskleidimo arba kit\u0173 neteis\u0117t\u0173 veiksm\u0173.<\/li>\n\n\n\n<li>Asmens duomenys, kurie sutiko, kad j\u0173 duomenys b\u016bt\u0173 naudojami tiesiogin\u0117s rinkodaros tikslais, yra saugojami aktyviojoje duomen\u0173 baz\u0117je ir naudojami tiesiogin\u0117s rinkodaros tikslais iki atskiro pareikalavimo juos pa\u0161alinti.<\/li>\n\n\n\n<li><strong>Elektronin\u0117je parduotuv\u0117je apmok\u0117jimai apdorojami naudojantis&nbsp;<\/strong><a href=\"http:\/\/makecommerce.lt\/\" target=\"_blank\" rel=\"noreferrer noopener\"><strong>makecommerce.lt<\/strong><\/a><strong>&nbsp;platforma, kurios valdytojas Maksekeskus AS (Liivalaia 45, Talinas 10145, Estija, reg. nr.:12268475), tod\u0117l J\u016bs\u0173 asmenin\u0117 informacija, reikalinga mok\u0117jimo \u012fvykdymui ir patvirtinimui, bus perduodama Maksekeskus AS.<\/strong><\/li>\n<\/ol>\n<\/li>\n\n\n\n<li><strong>Taisykli\u0173 keitimas<\/strong>\n<ol class=\"wp-block-list\">\n<li>Duomen\u0173 valdytojas turi teis\u0119 i\u0161 dalies arba visi\u0161kai pakeisti Taisykles apie tai prane\u0161damas&nbsp;<a href=\"https:\/\/www.dchoice.lt\/\" target=\"_blank\" rel=\"noreferrer noopener\"><\/a><a href=\"https:\/\/avooly.eu\/\" target=\"_blank\" rel=\"noopener\" title=\"\">avooly.eu<\/a>&nbsp;interneto parduotuv\u0117je.<\/li>\n\n\n\n<li>Taisykli\u0173 papildymai arba pakeitimai \u012fsigalioja nuo j\u0173 paskelbimo dienos, t. y. nuo tos dienos, kai jie atsiranda interneto parduotuv\u0117je&nbsp;<a href=\"https:\/\/www.dchoice.lt\/\" target=\"_blank\" rel=\"noreferrer noopener\"><\/a><a href=\"https:\/\/avooly.eu\/\" target=\"_blank\" rel=\"noopener\" title=\"\">avooly.eu<\/a>.<\/li>\n\n\n\n<li>Jeigu Pirk\u0117jas nesutinka su nauja Taisykli\u0173 redakcija, jis turi teis\u0119 ra\u0161tu jos atsisakyti.<\/li>\n\n\n\n<li>Jei po Taisykli\u0173 papildymo arba pakeitimo Pirk\u0117jas ir toliau naudojasi interneto parduotuv\u0117s teikiamomis paslaugomis, laikoma, kad Pirk\u0117jas sutinka su nauj\u0105ja Taisykli\u0173 redakcija.<\/li>\n<\/ol>\n<\/li>\n\n\n\n<li><strong>Informacijos pateikimas ir perdavimas<\/strong>\n<ol class=\"wp-block-list\">\n<li>Visi prane\u0161imai, susij\u0119 su asmens duomen\u0173 tvarkymu, Duomen\u0173 valdytojui yra pateikiami elektroniniu pa\u0161tu&nbsp;<a href=\"mailto:info@dchoice.lt\" target=\"_blank\" rel=\"noreferrer noopener\"><\/a><a href=\"mailto:info@avooly.eu\" target=\"_blank\" rel=\"noopener\" title=\"\">info@avooly.eu<\/a>.<\/li>\n\n\n\n<li>Atsakym\u0105 Duomen\u0173 valdytojas pateikia ta pa\u010dia forma, kuria buvo gautas prane\u0161imas arba pretenzija.<\/li>\n<\/ol>\n<\/li>\n\n\n\n<li><strong>Slapukai<\/strong>\n<ol class=\"wp-block-list\">\n<li>Slapukas \u2013 ma\u017eas tekstinis dokumentas, turintis unikal\u0173 identifikacijos numer\u012f, kuris yra perduodamas i\u0161 interneto svetain\u0117s \u012f asmens kompiuter\u012f, kad b\u016bt\u0173 galima atskirti asmens kompiuter\u012f, nar\u0161ykl\u0117s tip\u0105 ir matyti asmens veikl\u0105 internete. Unikalus numeris identifikuoja asmens nar\u0161ykl\u0119 kiekvien\u0105 kart\u0105 asmeniui apsilankius interneto svetain\u0117je. Slapukai neleid\u017eia \u012fsiminti asmenin\u0117s informacijos (tokios kaip asmens vardas ir adresas). Svetain\u0117se slapukai naudojami, siekiant vesti statistik\u0105, toki\u0105 kaip asmen\u0173 apsilankym\u0173 interneto svetain\u0117je skai\u010dius ir srautas. Tokia informacija neb\u016bna susieta su asmenine informacija. Asmuo gali bet kada i\u0161jungti slapuk\u0173 naudojim\u0105, ta\u010diau be slapuk\u0173 kai kurios interneto svetain\u0117s&nbsp;<a href=\"https:\/\/www.dchoice.lt\/\" target=\"_blank\" rel=\"noreferrer noopener\"><\/a><a href=\"https:\/\/www.dchoice.lt\/\" target=\"_blank\" rel=\"noreferrer noopener\"><\/a><a href=\"https:\/\/avooly.eu\/\" target=\"_blank\" rel=\"noopener\" title=\"\">avooly.eu<\/a>&nbsp;funkcijos gali neveikti arba veikti netinkamai.<\/li>\n\n\n\n<li>Slapuk\u0173 panaudojimas\n<ol class=\"wp-block-list\">\n<li>Parduotuv\u0117s krep\u0161elio formavimui (svetain\u0117s pagrindinei veiklai vykdyti). Naudojantis interneto svetaine, i\u0161 kliento gali b\u016bti pareikalauta atlikti registracij\u0105 tam, kad jis gal\u0117t\u0173 u\u017esakyti prekes. Tokiu atveju kliento reikalaujama pateikti asmens duomenis (tokius kaip vardas, el. pa\u0161to adresas, telefonas ir pan.). Bendrov\u0117 turi teis\u0119 savo nuo\u017ei\u016bra visais teis\u0117tais b\u016bdais naudotis visa asmens pateikta informacija ir duomenimis, kuriuos asmuo pateikia atlikdamas registracij\u0105 arba kitais b\u016bdais. Slapukas, krep\u0161elio formavimui, sukuriamas, kai vartotojas \u012fkelia prekes \u012f krep\u0161el\u012f, o i\u0161trinamas, kai vartotojas u\u017edaro (atsijungia) svetain\u0117s lang\u0105 (baigia sesij\u0105).<\/li>\n<\/ol>\n<\/li>\n\n\n\n<li>Jei pageidaujate, galite pakeisti savo nar\u0161ykl\u0117s nustatymus taip, kad Jus informuot\u0173 apie slapuko \u012fjungim\u0105 ar atnaujinim\u0105 bei kad gal\u0117tum\u0117te pasirinkti leid\u017eiamus ar draud\u017eiamus slapukus, juos blokuoti. Nor\u0117dami daugiau su\u017einoti apie slapukus, pavyzd\u017eiui, kaip juos valdyti ar i\u0161trinti, galite apsilankyti&nbsp;<a href=\"http:\/\/www.allaboutcookies.org\/\" target=\"_blank\" rel=\"noreferrer noopener\">www.allaboutcookies.org<\/a>.<\/li>\n\n\n\n<li>Pasiliekame teis\u0119 keisti Slapuk\u0173 naudojimo taisykli\u0173 nuostatas. Prane\u0161imas apie pakeitimus arba papildymus bei naujausia Slapuk\u0173 naudojimo taisykli\u0173 versija bus skelbiama m\u016bs\u0173 interneto svetain\u0117je.<\/li>\n\n\n\n<li>Jokie asmeniniai kliento duomenys n\u0117ra kaupiami slapuk\u0173 pagalba.<\/li>\n\n\n\n<li>B\u016btin\u0173 slapuk\u0173 \u012fra\u0161ymo metu jokiems tretiesiems asmenims informacija n\u0117ra teikiama.<\/li>\n<\/ol>\n<\/li>\n<\/ol>\n\n\n\n<p><\/p>","protected":false},"excerpt":{"rendered":"","protected":false},"author":1,"featured_media":0,"parent":0,"menu_order":0,"comment_status":"closed","ping_status":"closed","template":"template-compact.php","meta":{"_acf_changed":false,"inline_featured_image":false,"_uag_custom_page_level_css":"","footnotes":""},"class_list":["post-2156","page","type-page","status-publish","hentry"],"aioseo_notices":[],"acf":[],"uagb_featured_image_src":{"full":false,"thumbnail":false,"medium":false,"medium_large":false,"large":false,"1536x1536":false,"2048x2048":false,"trp-custom-language-flag":false,"woocommerce_thumbnail":false,"woocommerce_single":false,"woocommerce_gallery_thumbnail":false},"uagb_author_info":{"display_name":"","author_link":"https:\/\/avooly.eu\/lt\/author\/infoavooly-lt\/"},"uagb_comment_info":0,"uagb_excerpt":null,"_links":{"self":[{"href":"https:\/\/avooly.eu\/lt\/wp-json\/wp\/v2\/pages\/2156","targetHints":{"allow":["GET"]}}],"collection":[{"href":"https:\/\/avooly.eu\/lt\/wp-json\/wp\/v2\/pages"}],"about":[{"href":"https:\/\/avooly.eu\/lt\/wp-json\/wp\/v2\/types\/page"}],"author":[{"embeddable":true,"href":"https:\/\/avooly.eu\/lt\/wp-json\/wp\/v2\/users\/1"}],"replies":[{"embeddable":true,"href":"https:\/\/avooly.eu\/lt\/wp-json\/wp\/v2\/comments?post=2156"}],"version-history":[{"count":4,"href":"https:\/\/avooly.eu\/lt\/wp-json\/wp\/v2\/pages\/2156\/revisions"}],"predecessor-version":[{"id":3539,"href":"https:\/\/avooly.eu\/lt\/wp-json\/wp\/v2\/pages\/2156\/revisions\/3539"}],"wp:attachment":[{"href":"https:\/\/avooly.eu\/lt\/wp-json\/wp\/v2\/media?parent=2156"}],"curies":[{"name":"wp","href":"https:\/\/api.w.org\/{rel}","templated":true}]}}