{"id":2157,"date":"2024-11-04T07:48:59","date_gmt":"2024-11-04T07:48:59","guid":{"rendered":"https:\/\/avooly.eu\/returns-exchanges\/"},"modified":"2025-09-20T06:42:31","modified_gmt":"2025-09-20T06:42:31","slug":"delivery-returns","status":"publish","type":"page","link":"https:\/\/avooly.eu\/lt\/delivery-returns\/","title":{"rendered":"Pristatymas ir gr\u0105\u017einimas"},"content":{"rendered":"<ol class=\"wp-block-list\">\n<li>Pristatymo s\u0105lygos\n<ol class=\"wp-block-list\">\n<li>U\u017esakymas pradedamas ruo\u0161ti ir i\u0161siun\u010diamas tik po apmok\u0117jimo gavimo.<\/li>\n\n\n\n<li>Pristatymas Lietuvoje\n<ol class=\"wp-block-list\">\n<li>Po u\u017esakymo paruo\u0161imo pristatymas pa\u0161tomatu arba kurjeriu gali u\u017etrukti nuo 1 iki 4 darbo dien\u0173.<\/li>\n\n\n\n<li>Po u\u017esakymo paruo\u0161imo pristatymas Lietuvos pa\u0161tu gali u\u017etrukti nuo 2 iki 5 darbo dien\u0173.<\/li>\n<\/ol>\n<\/li>\n\n\n\n<li>Tarptautinis pristatymas (ES ir Jungtin\u0117 karalyst\u0117)\n<ol class=\"wp-block-list\">\n<li>Po u\u017esakymo paruo\u0161imo pristatymas pa\u0161tu \u012fprastai gali u\u017etrukti nuo 5 iki 10 darbo dien\u0173.<\/li>\n<\/ol>\n<\/li>\n<\/ol>\n<\/li>\n\n\n\n<li>Gr\u0105\u017einimo s\u0105lygos\n<ol class=\"wp-block-list\">\n<li>Jei jums netiko \u012fsigytos prek\u0117s dydis, spalva ar tiesiog apsigalvojote, galite gr\u0105\u017einti arba pakeisti prek\u0119 per 14 dien\u0173 nuo prek\u0117s pristatymo dienos.<\/li>\n\n\n\n<li>Gr\u0105\u017einamos prek\u0117s privalo b\u016bti nenaudotos, nesugadintos, nepraradusios prekin\u0117s i\u0161vaizdos \u2013 nenuimtos ir nepa\u017eeistos etiket\u0117s, nenupl\u0117\u0161tos apsaugin\u0117s etiket\u0117s. Prek\u0117s turi b\u016bti gr\u0105\u017einamos originalioje pakuot\u0117je ir tokios pa\u010dios komplektacijos, kokios buvo i\u0161si\u0173stos pirk\u0117jui. Jei prek\u0117s netvarkingos, praradusios prekin\u0119 i\u0161vaizd\u0105 arba yra gr\u0105\u017einamos v\u0117liau nei po 14 dien\u0173 nuo prek\u0117s pristatymo dienos, turime teis\u0119 nepriimti prek\u0117s ir negr\u0105\u017einti pirk\u0117jui pinig\u0173.<\/li>\n<\/ol>\n<\/li>\n\n\n\n<li>Gr\u0105\u017einimo eiga\n<ol class=\"wp-block-list\">\n<li>Nusprend\u0119 gr\u0105\u017einti arba pakeisti prek\u0119, susisiekite elektroniniu pa\u0161tu <a href=\"mailto:help@avoole.eu\">help@avoole.eu<\/a> &nbsp;Lai\u0161ko \u201eSubject\u201c eilut\u0117je nurodydami savo preki\u0173 \u012fsigijimo u\u017esakymo numer\u012f ir priera\u0161\u0105 \u201eGr\u0105\u017einamos prek\u0117s\u201c. Lai\u0161ke nurodykite prek\u0117s pavadinim\u0105 ir trumpai apra\u0161ykite prek\u0117s gr\u0105\u017einimo prie\u017east\u012f.&nbsp;<\/li>\n\n\n\n<li>Jei preki\u0173 gr\u0105\u017einimui nusprend\u0117te naudotis pa\u0161tomat\u0173 paslaugomis, galite si\u0173sti norimas gr\u0105\u017einti prekes \u012f \u0161iuos pa\u0161tomatus:\n<ol class=\"wp-block-list\">\n<li><strong>OMNIVA<\/strong> &#8211; Vilniaus MAXIMA Pilait\u0117s (Pilait\u0117s pr. 31)<\/li>\n\n\n\n<li><strong>LP Express<\/strong> &#8211; Vilniaus Maxima XX (Pilait\u0117s pr. 31)<\/li>\n\n\n\n<li>D\u0117l kit\u0173 gr\u0105\u017einimo b\u016bd\u0173 &#8211; derinti el. Pa\u0161tu.<\/li>\n<\/ol>\n<\/li>\n\n\n\n<li>SVARBU! Gr\u0105\u017einimo paslauga yra mokama, gr\u0105\u017einimo i\u0161laidas apmoka pirk\u0117jas. Pirk\u0117jas yra atsakingas u\u017e norimos gr\u0105\u017einti prek\u0117s siuntim\u0105, tod\u0117l rekomenduojame gr\u0105\u017einamas prekes si\u0173sti pa\u0161tomatu arba kurjeriu. Prekei m\u016bs\u0173 nepasiekus, negal\u0117sime pirk\u0117jui gr\u0105\u017einti pinig\u0173.<\/li>\n\n\n\n<li>Gav\u0119 gr\u0105\u017einam\u0105 prek\u0119, kuri atitinka gr\u0105\u017einimo s\u0105lygas, pinigus gr\u0105\u017einsime per 1-10 darbo dien\u0173.<\/li>\n<\/ol>\n<\/li>\n\n\n\n<li>Prek\u0117 su defektais\n<ol class=\"wp-block-list\">\n<li>Jei gavote prek\u0119 su defektais, ne t\u0105 prek\u0119, kuri\u0105 u\u017esisak\u0117te, susisiekite su mumis el. pa\u0161tu: <a href=\"mailto:help@avoole.eu\">help@avoole.eu<\/a><\/li>\n\n\n\n<li>Gav\u0119 j\u016bs\u0173 lai\u0161k\u0105, susisieksime ir sutarsime d\u0117l jums patogiausio prek\u0117s gr\u0105\u017einimo b\u016bdo, prek\u0117s keitimo ar pinig\u0173 gr\u0105\u017einimo ir padengsime visas toki\u0173 preki\u0173 gr\u0105\u017einimo ir (ar) keitimo i\u0161laidas.&nbsp;<\/li>\n\n\n\n<li>Jei turite bet koki\u0173 klausim\u0173? Susisiekite su mumis el pa\u0161tu: <a href=\"mailto:help@avoole.eu\">help@avoole.eu<\/a><\/li>\n<\/ol>\n<\/li>\n<\/ol>","protected":false},"excerpt":{"rendered":"","protected":false},"author":1,"featured_media":0,"parent":0,"menu_order":0,"comment_status":"closed","ping_status":"closed","template":"template-compact.php","meta":{"_acf_changed":false,"inline_featured_image":false,"_uag_custom_page_level_css":"","footnotes":""},"class_list":["post-2157","page","type-page","status-publish","hentry"],"aioseo_notices":[],"acf":[],"uagb_featured_image_src":{"full":false,"thumbnail":false,"medium":false,"medium_large":false,"large":false,"1536x1536":false,"2048x2048":false,"trp-custom-language-flag":false,"woocommerce_thumbnail":false,"woocommerce_single":false,"woocommerce_gallery_thumbnail":false},"uagb_author_info":{"display_name":"","author_link":"https:\/\/avooly.eu\/lt\/author\/infoavooly-lt\/"},"uagb_comment_info":0,"uagb_excerpt":null,"_links":{"self":[{"href":"https:\/\/avooly.eu\/lt\/wp-json\/wp\/v2\/pages\/2157","targetHints":{"allow":["GET"]}}],"collection":[{"href":"https:\/\/avooly.eu\/lt\/wp-json\/wp\/v2\/pages"}],"about":[{"href":"https:\/\/avooly.eu\/lt\/wp-json\/wp\/v2\/types\/page"}],"author":[{"embeddable":true,"href":"https:\/\/avooly.eu\/lt\/wp-json\/wp\/v2\/users\/1"}],"replies":[{"embeddable":true,"href":"https:\/\/avooly.eu\/lt\/wp-json\/wp\/v2\/comments?post=2157"}],"version-history":[{"count":9,"href":"https:\/\/avooly.eu\/lt\/wp-json\/wp\/v2\/pages\/2157\/revisions"}],"predecessor-version":[{"id":3528,"href":"https:\/\/avooly.eu\/lt\/wp-json\/wp\/v2\/pages\/2157\/revisions\/3528"}],"wp:attachment":[{"href":"https:\/\/avooly.eu\/lt\/wp-json\/wp\/v2\/media?parent=2157"}],"curies":[{"name":"wp","href":"https:\/\/api.w.org\/{rel}","templated":true}]}}