{"id":2794,"date":"2025-08-31T17:35:52","date_gmt":"2025-08-31T17:35:52","guid":{"rendered":"https:\/\/avooly.eu\/?post_type=product&#038;p=2794"},"modified":"2026-02-10T08:58:56","modified_gmt":"2026-02-10T08:58:56","slug":"moovo-vivo-set-with-hood-kid","status":"publish","type":"product","link":"https:\/\/avooly.eu\/lt\/produktas\/moovo-vivo-set-with-hood-kid\/","title":{"rendered":"MOOVO VIVO komplektas"},"content":{"rendered":"<p><span style=\"font-weight: 400;\">Vaiki\u0161kas dviej\u0173 dali\u0173 Unisex kostium\u0117lis su p\u016bkeliu.<\/span><\/p>\n<p><span style=\"font-weight: 400;\">\u0160is spalvingas kostium\u0117lis \u2013 tikras nuotyki\u0173 draugas! Mink\u0161tas kaip me\u0161kiukas, lengvas kaip debes\u0117lis ir \u0161iltas kaip mamos apkabinimas. Tobulai tinka ir mergait\u0117ms, ir berniukams \u2013 lakstyti, juoktis, suktis ar tiesiog ils\u0117tis po didel\u0117s \u017eaidim\u0173 dienos.<\/span><\/p>\n<p><span style=\"font-weight: 400;\">Patogumas kiekvienam nuotykiui, jaukumas kasdienai ir stilius \u017eaismingoje \u0161ypsenoje!<\/span><\/p>\n<p><b>D\u017dEMPERIS<\/b><\/p>\n<ul>\n<li style=\"font-weight: 400;\" aria-level=\"1\"><span style=\"font-weight: 400;\">Unisex dizaino, pastelini\u0173 spalv\u0173 su ry\u0161kesniu akcentu\u00a0<\/span><\/li>\n<li style=\"font-weight: 400;\" aria-level=\"1\"><span style=\"font-weight: 400;\">Kapi\u0161onas<\/span><\/li>\n<li style=\"font-weight: 400;\" aria-level=\"1\"><span style=\"font-weight: 400;\">Didel\u0117 priekin\u0117 ki\u0161en\u0117 - suteikia jaukumo ir d\u017eiaugsmo rankyt\u0117ms<\/span><\/li>\n<li style=\"font-weight: 400;\" aria-level=\"1\"><span style=\"font-weight: 400;\">Rib audinio rankogaliai u\u017etikrina patog\u0173 ir tvirt\u0105 prigludim\u0105<\/span><\/li>\n<\/ul>\n<p><b>KELN\u0116S<\/b><\/p>\n<ul>\n<li style=\"font-weight: 400;\" aria-level=\"1\"><span style=\"font-weight: 400;\">Unisex dizainas - laisvas kirpimas neriboja judesi\u0173.<\/span><\/li>\n<li style=\"font-weight: 400;\" aria-level=\"1\"><span style=\"font-weight: 400;\">Liemuo su elastine juosta<\/span><\/li>\n<li style=\"font-weight: 400;\" aria-level=\"1\"><span style=\"font-weight: 400;\">\u0160onin\u0117s ki\u0161en\u0117s<\/span><\/li>\n<li style=\"font-weight: 400;\" aria-level=\"1\"><span style=\"font-weight: 400;\">Tampri kelni\u0173 apa\u010dia u\u017etikrina patogum\u0105 avint \u012fvairi\u0105 avalyn\u0119 ir jud\u0117jimo laisv\u0119 aktyvios veiklos metu<\/span><\/li>\n<\/ul>\n<p><span style=\"font-weight: 400;\">Spalvos priklauso nuo monitoriaus ar telefono \u012frenginio nustatym\u0173, tod\u0117l originali gaminio spalva gali skirtis nuo nuotraukoje pateiktos realios spalvos.<\/span><\/p>\n<p><b>Audinys<\/b><\/p>\n<p><span style=\"font-weight: 400;\">Mink\u0161tas vidutinio storio p\u016bkelis viduje suteikia \u0161ilumos ir jaukumo, tod\u0117l puikiai tinka rudeniui, \u017eiemai ir ankstyvam pavasariui. Tinkamai pri\u017ei\u016brint ilgai i\u0161laiko spalv\u0105 ir form\u0105 net po daugelio skalbim\u0173.<\/span><\/p>\n<p><b>Sud\u0117tis<\/b><\/p>\n<p><span style=\"font-weight: 400;\">80% medviln\u0117s, 20% poliesterio, su vidutinio storio p\u016bkeliu viduje.<br \/>\n<\/span><span style=\"font-weight: 400;\">Audinio tankis: 280 g\/m2<\/span><\/p>\n<p><b>Prie\u017ei\u016bra<\/b><\/p>\n<ul>\n<li><span style=\"font-weight: 400;\">Skalbti \u0161velniu re\u017eimu ne auk\u0161tesn\u0117je kaip 30 \u00b0C temperat\u016broje.<\/span><\/li>\n<li style=\"font-weight: 400;\"><span style=\"font-weight: 400;\">Lyginkite\/garinkite ne auk\u0161tesn\u0117je kaip 110 \u00b0C temperat\u016broje.<\/span><\/li>\n<li style=\"font-weight: 400;\"><span style=\"font-weight: 400;\">Nebalinti<\/span><\/li>\n<li style=\"font-weight: 400;\"><span style=\"font-weight: 400;\">Nevalyti cheminiu b\u016bdu.<\/span><\/li>\n<li style=\"font-weight: 400;\"><span style=\"font-weight: 400;\">Ned\u017eiovinti d\u017eiovykl\u0117je (kad i\u0161saugotum\u0117te kokyb\u0119).<\/span><\/li>\n<\/ul>","protected":false},"excerpt":{"rendered":"<p>Children\u2019s two-piece Unisex set with fleece lining This colorful tracksuit is a true adventure buddy! Soft as a teddy bear, light as a cloud, and warm as a mom\u2019s hug. Perfect for both girls and boys \u2013 whether running, laughing, twirling, or simply resting after a big day of play. Cozy for every adventure, comfort [&hellip;]<\/p>","protected":false},"featured_media":3356,"comment_status":"open","ping_status":"closed","template":"","meta":{"_acf_changed":false,"inline_featured_image":false,"_uag_custom_page_level_css":""},"product_cat":[61,62],"product_tag":[],"class_list":{"0":"post-2794","1":"product","2":"type-product","3":"status-publish","4":"has-post-thumbnail","6":"product_cat-kids","7":"product_cat-kids-sets","9":"first","10":"instock","11":"sale","12":"shipping-taxable","13":"purchasable","14":"product-type-variable","swatches":"rey-swatches","show_selected":"","stretch_labels":"rey-swatches--stretch-labels"},"aioseo_notices":[],"acf":[],"uagb_featured_image_src":{"full":["https:\/\/avooly.eu\/wp-content\/uploads\/2025\/08\/zigmantephoto_Web_Sized-27.jpg",1333,2000,false],"thumbnail":["https:\/\/avooly.eu\/wp-content\/uploads\/2025\/08\/zigmantephoto_Web_Sized-27-150x150.jpg",150,150,true],"medium":["https:\/\/avooly.eu\/wp-content\/uploads\/2025\/08\/zigmantephoto_Web_Sized-27-200x300.jpg",200,300,true],"medium_large":["https:\/\/avooly.eu\/wp-content\/uploads\/2025\/08\/zigmantephoto_Web_Sized-27-768x1152.jpg",768,1152,true],"large":["https:\/\/avooly.eu\/wp-content\/uploads\/2025\/08\/zigmantephoto_Web_Sized-27-682x1024.jpg",682,1024,true],"1536x1536":["https:\/\/avooly.eu\/wp-content\/uploads\/2025\/08\/zigmantephoto_Web_Sized-27-1024x1536.jpg",1024,1536,true],"2048x2048":["https:\/\/avooly.eu\/wp-content\/uploads\/2025\/08\/zigmantephoto_Web_Sized-27.jpg",1333,2000,false],"trp-custom-language-flag":["https:\/\/avooly.eu\/wp-content\/uploads\/2025\/08\/zigmantephoto_Web_Sized-27.jpg",8,12,false],"woocommerce_thumbnail":["https:\/\/avooly.eu\/wp-content\/uploads\/2025\/08\/zigmantephoto_Web_Sized-27-800x1200.jpg",800,1200,true],"woocommerce_single":["https:\/\/avooly.eu\/wp-content\/uploads\/2025\/08\/zigmantephoto_Web_Sized-27-900x1350.jpg",900,1350,true],"woocommerce_gallery_thumbnail":["https:\/\/avooly.eu\/wp-content\/uploads\/2025\/08\/zigmantephoto_Web_Sized-27-100x100.jpg",100,100,true]},"uagb_author_info":{"display_name":"","author_link":"https:\/\/avooly.eu\/lt\/author\/"},"uagb_comment_info":0,"uagb_excerpt":"Children\u2019s two-piece Unisex set with fleece lining This colorful tracksuit is a true adventure buddy! Soft as a teddy bear, light as a cloud, and warm as a mom\u2019s hug. Perfect for both girls and boys \u2013 whether running, laughing, twirling, or simply resting after a big day of play. Cozy for every adventure, comfort&hellip;","_links":{"self":[{"href":"https:\/\/avooly.eu\/lt\/wp-json\/wp\/v2\/product\/2794","targetHints":{"allow":["GET"]}}],"collection":[{"href":"https:\/\/avooly.eu\/lt\/wp-json\/wp\/v2\/product"}],"about":[{"href":"https:\/\/avooly.eu\/lt\/wp-json\/wp\/v2\/types\/product"}],"replies":[{"embeddable":true,"href":"https:\/\/avooly.eu\/lt\/wp-json\/wp\/v2\/comments?post=2794"}],"wp:featuredmedia":[{"embeddable":true,"href":"https:\/\/avooly.eu\/lt\/wp-json\/wp\/v2\/media\/3356"}],"wp:attachment":[{"href":"https:\/\/avooly.eu\/lt\/wp-json\/wp\/v2\/media?parent=2794"}],"wp:term":[{"taxonomy":"product_cat","embeddable":true,"href":"https:\/\/avooly.eu\/lt\/wp-json\/wp\/v2\/product_cat?post=2794"},{"taxonomy":"product_tag","embeddable":true,"href":"https:\/\/avooly.eu\/lt\/wp-json\/wp\/v2\/product_tag?post=2794"}],"curies":[{"name":"wp","href":"https:\/\/api.w.org\/{rel}","templated":true}]}}