{"id":3170,"date":"2025-09-09T16:45:05","date_gmt":"2025-09-09T16:45:05","guid":{"rendered":"https:\/\/avooly.eu\/?post_type=product&#038;p=3170"},"modified":"2025-11-30T13:36:53","modified_gmt":"2025-11-30T13:36:53","slug":"moovo-mono-sweatshirt-women","status":"publish","type":"product","link":"https:\/\/avooly.eu\/lt\/produktas\/moovo-mono-sweatshirt-women\/","title":{"rendered":"MOOVO MONO d\u017eemperis be kapi\u0161ono"},"content":{"rendered":"<p><span style=\"font-weight: 400;\">Unisex d\u017eemperis su p\u016bkeliu.<\/span><\/p>\n<p><span style=\"font-weight: 400;\">D\u017eemperis be kapi\u0161ono \u2013 nes kam sl\u0117ptis, jei gali b\u016bti matomas? Mink\u0161tas, patogus ir universalus \u2013 nuo darbo prie kompiuterio iki tinginio sekmadienio ant sofos. U\u017esivilkai \u2013 ir i\u0161kart skleidi ger\u0105 energij\u0105 aplinkiniams be joki\u0173 pastang\u0173!<\/span><\/p>\n<p><span style=\"font-weight: 400;\">Jauskis patogiai ir jaukiai kasdien\u0117je veikloje ir tuo pa\u010diu b\u016bk pastebimas bei i\u0161siskiriantis!<\/span><\/p>\n<p><b>SWEATSHIRT<\/b><\/p>\n<ul>\n<li style=\"font-weight: 400;\" aria-level=\"1\"><span style=\"font-weight: 400;\">Unisex dizainas - laisvas kirpimas neriboja judesi\u0173.<\/span><\/li>\n<li style=\"font-weight: 400;\" aria-level=\"1\"><span style=\"font-weight: 400;\">Apvali i\u0161kirpt\u0117.<\/span><\/li>\n<li style=\"font-weight: 400;\" aria-level=\"1\"><span style=\"font-weight: 400;\">Rib audinio rankogaliai ir apa\u010dia u\u017etikrina patog\u0173 ir tvirt\u0105 prigludim\u0105.<\/span><\/li>\n<\/ul>\n<p><span style=\"font-weight: 400;\">Spalvos priklauso nuo monitoriaus ar telefono \u012frenginio nustatym\u0173, tod\u0117l originali gaminio spalva gali skirtis nuo nuotraukoje pateiktos realios spalvos.<\/span><\/p>\n<p><b>Audinys<\/b><\/p>\n<p><span style=\"font-weight: 400;\">Mink\u0161tas vidutinio storio p\u016bkelis viduje suteikia \u0161ilumos ir jaukumo, tod\u0117l puikiai tinka rudeniui, \u017eiemai ir ankstyvam pavasariui. Tinkamai pri\u017ei\u016brint ilgai i\u0161laiko spalv\u0105 ir form\u0105 net po daugelio skalbim\u0173.<\/span><\/p>\n<p><b>Sud\u0117tis<\/b><\/p>\n<p><span style=\"font-weight: 400;\">80% medviln\u0117s, 20% poliesterio, su vidutinio storio p\u016bkeliu viduje.<br \/>\n<\/span><span style=\"font-weight: 400;\">Audinio tankis: 280 g\/m2<\/span><\/p>\n<p><b>Prie\u017ei\u016bra<\/b><\/p>\n<ul>\n<li><span style=\"font-weight: 400;\">Skalbti \u0161velniu re\u017eimu ne auk\u0161tesn\u0117je kaip 30 \u00b0C temperat\u016broje.<\/span><\/li>\n<li style=\"font-weight: 400;\"><span style=\"font-weight: 400;\">Lyginkite\/garinkite ne auk\u0161tesn\u0117je kaip 110 \u00b0C temperat\u016broje.<\/span><\/li>\n<li style=\"font-weight: 400;\"><span style=\"font-weight: 400;\">Nebalinti<\/span><\/li>\n<li style=\"font-weight: 400;\"><span style=\"font-weight: 400;\">Nevalyti cheminiu b\u016bdu.<\/span><\/li>\n<li style=\"font-weight: 400;\"><span style=\"font-weight: 400;\">Ned\u017eiovinti d\u017eiovykl\u0117je (kad i\u0161saugotum\u0117te kokyb\u0119).<\/span><\/li>\n<\/ul>","protected":false},"excerpt":{"rendered":"<p>Unisex sweatshirt with fleece lining A hoodie without a hood \u2013 because why hide when you can stand out? Soft, comfortable, and versatile \u2013 from working at your laptop to lazy Sundays on the couch. Put it on and instantly spread good vibes without even trying! Feel comfortable and cozy in everyday activities while also [&hellip;]<\/p>","protected":false},"featured_media":3175,"comment_status":"open","ping_status":"closed","template":"","meta":{"_acf_changed":false,"inline_featured_image":false,"_uag_custom_page_level_css":""},"product_cat":[60,70],"product_tag":[],"class_list":{"0":"post-3170","1":"product","2":"type-product","3":"status-publish","4":"has-post-thumbnail","6":"product_cat-women","7":"product_cat-women-hoodies","9":"first","10":"instock","11":"shipping-taxable","12":"purchasable","13":"product-type-variable","swatches":"rey-swatches","show_selected":"","stretch_labels":"rey-swatches--stretch-labels"},"aioseo_notices":[],"acf":[],"uagb_featured_image_src":{"full":["https:\/\/avooly.eu\/wp-content\/uploads\/2025\/09\/zigmantephoto_Web_Sized-73.jpg",1333,2000,false],"thumbnail":["https:\/\/avooly.eu\/wp-content\/uploads\/2025\/09\/zigmantephoto_Web_Sized-73-150x150.jpg",150,150,true],"medium":["https:\/\/avooly.eu\/wp-content\/uploads\/2025\/09\/zigmantephoto_Web_Sized-73-200x300.jpg",200,300,true],"medium_large":["https:\/\/avooly.eu\/wp-content\/uploads\/2025\/09\/zigmantephoto_Web_Sized-73-768x1152.jpg",768,1152,true],"large":["https:\/\/avooly.eu\/wp-content\/uploads\/2025\/09\/zigmantephoto_Web_Sized-73-682x1024.jpg",682,1024,true],"1536x1536":["https:\/\/avooly.eu\/wp-content\/uploads\/2025\/09\/zigmantephoto_Web_Sized-73-1024x1536.jpg",1024,1536,true],"2048x2048":["https:\/\/avooly.eu\/wp-content\/uploads\/2025\/09\/zigmantephoto_Web_Sized-73.jpg",1333,2000,false],"trp-custom-language-flag":["https:\/\/avooly.eu\/wp-content\/uploads\/2025\/09\/zigmantephoto_Web_Sized-73.jpg",8,12,false],"woocommerce_thumbnail":["https:\/\/avooly.eu\/wp-content\/uploads\/2025\/09\/zigmantephoto_Web_Sized-73-800x1200.jpg",800,1200,true],"woocommerce_single":["https:\/\/avooly.eu\/wp-content\/uploads\/2025\/09\/zigmantephoto_Web_Sized-73-900x1350.jpg",900,1350,true],"woocommerce_gallery_thumbnail":["https:\/\/avooly.eu\/wp-content\/uploads\/2025\/09\/zigmantephoto_Web_Sized-73-100x100.jpg",100,100,true]},"uagb_author_info":{"display_name":"","author_link":"https:\/\/avooly.eu\/lt\/author\/"},"uagb_comment_info":0,"uagb_excerpt":"Unisex sweatshirt with fleece lining A hoodie without a hood \u2013 because why hide when you can stand out? Soft, comfortable, and versatile \u2013 from working at your laptop to lazy Sundays on the couch. Put it on and instantly spread good vibes without even trying! Feel comfortable and cozy in everyday activities while also&hellip;","_links":{"self":[{"href":"https:\/\/avooly.eu\/lt\/wp-json\/wp\/v2\/product\/3170","targetHints":{"allow":["GET"]}}],"collection":[{"href":"https:\/\/avooly.eu\/lt\/wp-json\/wp\/v2\/product"}],"about":[{"href":"https:\/\/avooly.eu\/lt\/wp-json\/wp\/v2\/types\/product"}],"replies":[{"embeddable":true,"href":"https:\/\/avooly.eu\/lt\/wp-json\/wp\/v2\/comments?post=3170"}],"wp:featuredmedia":[{"embeddable":true,"href":"https:\/\/avooly.eu\/lt\/wp-json\/wp\/v2\/media\/3175"}],"wp:attachment":[{"href":"https:\/\/avooly.eu\/lt\/wp-json\/wp\/v2\/media?parent=3170"}],"wp:term":[{"taxonomy":"product_cat","embeddable":true,"href":"https:\/\/avooly.eu\/lt\/wp-json\/wp\/v2\/product_cat?post=3170"},{"taxonomy":"product_tag","embeddable":true,"href":"https:\/\/avooly.eu\/lt\/wp-json\/wp\/v2\/product_tag?post=3170"}],"curies":[{"name":"wp","href":"https:\/\/api.w.org\/{rel}","templated":true}]}}