{"id":3225,"date":"2025-09-09T19:50:06","date_gmt":"2025-09-09T19:50:06","guid":{"rendered":"https:\/\/avooly.eu\/?post_type=product&#038;p=3225"},"modified":"2026-02-10T09:16:20","modified_gmt":"2026-02-10T09:16:20","slug":"moovo-forest-set-with-hood-men","status":"publish","type":"product","link":"https:\/\/avooly.eu\/lt\/produktas\/moovo-forest-set-with-hood-men\/","title":{"rendered":"MOOVO FOREST komplektas su kapi\u0161onu"},"content":{"rendered":"<p><span style=\"font-weight: 400;\">Dviej\u0173 dali\u0173 Unisex kostium\u0117lis su p\u016bkeliu.<\/span><\/p>\n<p><span style=\"font-weight: 400;\">Patogus kaip pledas, bet kur kas stilingesnis!<\/span><\/p>\n<p><span style=\"font-weight: 400;\">Ypa\u010d mink\u0161tas, jaukus ir maloniai apgaubiantis Unisex tipo laisvalaikio kostiumas. Su Jogger tipo keln\u0117mis, kurios suteiks jud\u0117jimo laisv\u0119 - nuo \u0161aldytuvo iki sofos, o ry\u0161kios akcentin\u0117s detal\u0117s pasir\u016bpins kad atrodytum stilingai net kavos pasimatymui!<\/span><\/p>\n<p><span style=\"font-weight: 400;\">Jauskis patogiai ir jaukiai kasdien\u0117je veikloje ir tuo pa\u010diu b\u016bk pastebimas bei i\u0161siskiriantis!<\/span><\/p>\n<p><b>D\u017dEMPERIS<\/b><\/p>\n<ul>\n<li style=\"font-weight: 400;\" aria-level=\"1\"><span style=\"font-weight: 400;\">Unisex dizainas - laisvas kirpimas neriboja judesi\u0173.<\/span><\/li>\n<li style=\"font-weight: 400;\" aria-level=\"1\"><span style=\"font-weight: 400;\">Kapi\u0161onas su ry\u0161kiu pamu\u0161alu ir rai\u0161teliais suteikia drabu\u017eiui unikalaus \u017eavesio.<\/span><\/li>\n<li style=\"font-weight: 400;\" aria-level=\"1\"><span style=\"font-weight: 400;\">Prakti\u0161ka didel\u0117 priekin\u0117 ki\u0161en\u0117.<\/span><\/li>\n<li style=\"font-weight: 400;\" aria-level=\"1\"><span style=\"font-weight: 400;\">Rib audinio rankogaliai ir apa\u010dia u\u017etikrina patog\u0173 ir tvirt\u0105 prigludim\u0105.<\/span><\/li>\n<\/ul>\n<p><b>KELN\u0116S<\/b><\/p>\n<ul>\n<li style=\"font-weight: 400;\" aria-level=\"1\"><span style=\"font-weight: 400;\">Unisex dizainas - laisvas kirpimas neriboja judesi\u0173.<\/span><\/li>\n<li style=\"font-weight: 400;\" aria-level=\"1\"><span style=\"font-weight: 400;\">Auk\u0161tesnis liemuo su elastine juosta ir \u0161niureliu vidin\u0117je pus\u0117je, kurie leid\u017eia reguliuoti apimt\u012f ir u\u017etikrina tobul\u0105 prigludim\u0105.<\/span><\/li>\n<li style=\"font-weight: 400;\" aria-level=\"1\"><span style=\"font-weight: 400;\">Talpios ki\u0161en\u0117s turin\u010dios ry\u0161kiaspalviu u\u017etrauktuku valdom\u0105 vidin\u0119 ki\u0161en\u0119 - super patogumas saugiam smulki\u0173 daikt\u0173 laikymui, \u017eavesys ir i\u0161skirtinumas.<\/span><\/li>\n<li style=\"font-weight: 400;\" aria-level=\"1\"><span style=\"font-weight: 400;\">Tampri kelni\u0173 apa\u010dia u\u017etikrina patogum\u0105 avint \u012fvairi\u0105 avalyn\u0119 ir jud\u0117jimo laisv\u0119 aktyvios veiklos metu.<\/span><\/li>\n<\/ul>\n<p><span style=\"font-weight: 400;\">Spalvos priklauso nuo monitoriaus ar telefono \u012frenginio nustatym\u0173, tod\u0117l originali gaminio spalva gali skirtis nuo nuotraukoje pateiktos realios spalvos.<\/span><\/p>\n<p><b>Audinys<\/b><\/p>\n<p><span style=\"font-weight: 400;\">Mink\u0161tas vidutinio storio p\u016bkelis viduje suteikia \u0161ilumos ir jaukumo, tod\u0117l puikiai tinka rudeniui, \u017eiemai ir ankstyvam pavasariui. Tinkamai pri\u017ei\u016brint ilgai i\u0161laiko spalv\u0105 ir form\u0105 net po daugelio skalbim\u0173.<\/span><\/p>\n<p><b>Sud\u0117tis<\/b><\/p>\n<p><span style=\"font-weight: 400;\">80% medviln\u0117s, 20% poliesterio, su vidutinio storio p\u016bkeliu viduje.<br \/>\n<\/span><span style=\"font-weight: 400;\">Audinio tankis: 280 g\/m2<\/span><\/p>\n<p><b>Prie\u017ei\u016bra<\/b><\/p>\n<ul>\n<li><span style=\"font-weight: 400;\">Skalbti \u0161velniu re\u017eimu ne auk\u0161tesn\u0117je kaip 30 \u00b0C temperat\u016broje.<\/span><\/li>\n<li style=\"font-weight: 400;\"><span style=\"font-weight: 400;\">Lyginkite\/garinkite ne auk\u0161tesn\u0117je kaip 110 \u00b0C temperat\u016broje.<\/span><\/li>\n<li style=\"font-weight: 400;\"><span style=\"font-weight: 400;\">Nebalinti<\/span><\/li>\n<li style=\"font-weight: 400;\"><span style=\"font-weight: 400;\">Nevalyti cheminiu b\u016bdu.<\/span><\/li>\n<li style=\"font-weight: 400;\"><span style=\"font-weight: 400;\">Ned\u017eiovinti d\u017eiovykl\u0117je (kad i\u0161saugotum\u0117te kokyb\u0119).<\/span><\/li>\n<\/ul>","protected":false},"excerpt":{"rendered":"<p>Two-piece Unisex set with fleece lining Comfortable as a plaid, but much more stylish! An extremely soft, cozy and pleasantly enveloping Unisex leisure suit. With jogger-style pants that will give you freedom of movement &#8211; from the fridge to the sofa, and bright accent details will make sure you look stylish even on a coffee [&hellip;]<\/p>","protected":false},"featured_media":3230,"comment_status":"open","ping_status":"closed","template":"","meta":{"_acf_changed":false,"inline_featured_image":false,"_uag_custom_page_level_css":""},"product_cat":[64,65],"product_tag":[],"class_list":{"0":"post-3225","1":"product","2":"type-product","3":"status-publish","4":"has-post-thumbnail","6":"product_cat-men","7":"product_cat-men-sets","9":"first","10":"instock","11":"sale","12":"shipping-taxable","13":"purchasable","14":"product-type-variable","swatches":"rey-swatches","show_selected":"","stretch_labels":"rey-swatches--stretch-labels"},"aioseo_notices":[],"acf":[],"uagb_featured_image_src":{"full":["https:\/\/avooly.eu\/wp-content\/uploads\/2025\/09\/zigmantephoto_Web_Sized-84.jpg",1333,2000,false],"thumbnail":["https:\/\/avooly.eu\/wp-content\/uploads\/2025\/09\/zigmantephoto_Web_Sized-84-150x150.jpg",150,150,true],"medium":["https:\/\/avooly.eu\/wp-content\/uploads\/2025\/09\/zigmantephoto_Web_Sized-84-200x300.jpg",200,300,true],"medium_large":["https:\/\/avooly.eu\/wp-content\/uploads\/2025\/09\/zigmantephoto_Web_Sized-84-768x1152.jpg",768,1152,true],"large":["https:\/\/avooly.eu\/wp-content\/uploads\/2025\/09\/zigmantephoto_Web_Sized-84-682x1024.jpg",682,1024,true],"1536x1536":["https:\/\/avooly.eu\/wp-content\/uploads\/2025\/09\/zigmantephoto_Web_Sized-84-1024x1536.jpg",1024,1536,true],"2048x2048":["https:\/\/avooly.eu\/wp-content\/uploads\/2025\/09\/zigmantephoto_Web_Sized-84.jpg",1333,2000,false],"trp-custom-language-flag":["https:\/\/avooly.eu\/wp-content\/uploads\/2025\/09\/zigmantephoto_Web_Sized-84.jpg",8,12,false],"woocommerce_thumbnail":["https:\/\/avooly.eu\/wp-content\/uploads\/2025\/09\/zigmantephoto_Web_Sized-84-800x1200.jpg",800,1200,true],"woocommerce_single":["https:\/\/avooly.eu\/wp-content\/uploads\/2025\/09\/zigmantephoto_Web_Sized-84-900x1350.jpg",900,1350,true],"woocommerce_gallery_thumbnail":["https:\/\/avooly.eu\/wp-content\/uploads\/2025\/09\/zigmantephoto_Web_Sized-84-100x100.jpg",100,100,true]},"uagb_author_info":{"display_name":"","author_link":"https:\/\/avooly.eu\/lt\/author\/"},"uagb_comment_info":0,"uagb_excerpt":"Two-piece Unisex set with fleece lining Comfortable as a plaid, but much more stylish! An extremely soft, cozy and pleasantly enveloping Unisex leisure suit. With jogger-style pants that will give you freedom of movement &#8211; from the fridge to the sofa, and bright accent details will make sure you look stylish even on a coffee&hellip;","_links":{"self":[{"href":"https:\/\/avooly.eu\/lt\/wp-json\/wp\/v2\/product\/3225","targetHints":{"allow":["GET"]}}],"collection":[{"href":"https:\/\/avooly.eu\/lt\/wp-json\/wp\/v2\/product"}],"about":[{"href":"https:\/\/avooly.eu\/lt\/wp-json\/wp\/v2\/types\/product"}],"replies":[{"embeddable":true,"href":"https:\/\/avooly.eu\/lt\/wp-json\/wp\/v2\/comments?post=3225"}],"wp:featuredmedia":[{"embeddable":true,"href":"https:\/\/avooly.eu\/lt\/wp-json\/wp\/v2\/media\/3230"}],"wp:attachment":[{"href":"https:\/\/avooly.eu\/lt\/wp-json\/wp\/v2\/media?parent=3225"}],"wp:term":[{"taxonomy":"product_cat","embeddable":true,"href":"https:\/\/avooly.eu\/lt\/wp-json\/wp\/v2\/product_cat?post=3225"},{"taxonomy":"product_tag","embeddable":true,"href":"https:\/\/avooly.eu\/lt\/wp-json\/wp\/v2\/product_tag?post=3225"}],"curies":[{"name":"wp","href":"https:\/\/api.w.org\/{rel}","templated":true}]}}