{"id":3320,"date":"2025-09-10T20:20:44","date_gmt":"2025-09-10T20:20:44","guid":{"rendered":"https:\/\/avooly.eu\/?post_type=product&#038;p=3320"},"modified":"2025-11-30T13:31:46","modified_gmt":"2025-11-30T13:31:46","slug":"moovo-forest-jogger-men","status":"publish","type":"product","link":"https:\/\/avooly.eu\/lt\/produktas\/moovo-forest-jogger-men\/","title":{"rendered":"MOOVO FOREST keln\u0117s"},"content":{"rendered":"<p><span style=\"font-weight: 400;\">Unisex Jogger tipo keln\u0117s su p\u016bkeliu.<\/span><\/p>\n<p><span style=\"font-weight: 400;\">Jogger keln\u0117s, kurios ne tik talpina tavo paslaptis ki\u0161en\u0117se, bet dar ir parodo charakter\u012f su ry\u0161kiomis detal\u0117mis. Funkcionalios ki\u0161en\u0117s, mink\u0161tas audinys ir universalus dizainas \u2013 kad kiekviena diena b\u016bt\u0173 ir patogi, ir stilinga!<\/span><\/p>\n<p><span style=\"font-weight: 400;\">Jauskis patogiai ir jaukiai kasdien\u0117je veikloje ir tuo pa\u010diu b\u016bk pastebimas bei i\u0161siskiriantis!<\/span><\/p>\n<p><b>KELN\u0116S<\/b><\/p>\n<ul>\n<li style=\"font-weight: 400;\" aria-level=\"1\"><span style=\"font-weight: 400;\">Unisex dizainas - laisvas kirpimas neriboja judesi\u0173.<\/span><\/li>\n<li style=\"font-weight: 400;\" aria-level=\"1\"><span style=\"font-weight: 400;\">Auk\u0161tesnis liemuo su elastine juosta ir \u0161niureliu vidin\u0117je pus\u0117je, kurie leid\u017eia reguliuoti apimt\u012f ir u\u017etikrina tobul\u0105 prigludim\u0105.<\/span><\/li>\n<li style=\"font-weight: 400;\" aria-level=\"1\"><span style=\"font-weight: 400;\">Talpios ki\u0161en\u0117s turin\u010dios ry\u0161kiaspalviu u\u017etrauktuku valdom\u0105 vidin\u0119 ki\u0161en\u0119 - super patogumas saugiam smulki\u0173 daikt\u0173 laikymui, \u017eavesys ir i\u0161skirtinumas.<\/span><\/li>\n<li style=\"font-weight: 400;\" aria-level=\"1\"><span style=\"font-weight: 400;\">Tampri kelni\u0173 apa\u010dia u\u017etikrina patogum\u0105 avint \u012fvairi\u0105 avalyn\u0119 ir jud\u0117jimo laisv\u0119 aktyvios veiklos metu.<\/span><\/li>\n<\/ul>\n<p><span style=\"font-weight: 400;\">Spalvos priklauso nuo monitoriaus ar telefono \u012frenginio nustatym\u0173, tod\u0117l originali gaminio spalva gali skirtis nuo nuotraukoje pateiktos realios spalvos.<\/span><\/p>\n<p><b>Audinys<\/b><\/p>\n<p><span style=\"font-weight: 400;\">Mink\u0161tas vidutinio storio p\u016bkelis viduje suteikia \u0161ilumos ir jaukumo, tod\u0117l puikiai tinka rudeniui, \u017eiemai ir ankstyvam pavasariui. Tinkamai pri\u017ei\u016brint ilgai i\u0161laiko spalv\u0105 ir form\u0105 net po daugelio skalbim\u0173.<\/span><\/p>\n<p><b>Sud\u0117tis<\/b><\/p>\n<p><span style=\"font-weight: 400;\">80% medviln\u0117s, 20% poliesterio, su vidutinio storio p\u016bkeliu viduje.<br \/>\n<\/span><span style=\"font-weight: 400;\">Audinio tankis: 280 g\/m2<\/span><\/p>\n<p><b>Prie\u017ei\u016bra<\/b><\/p>\n<ul>\n<li><span style=\"font-weight: 400;\">Skalbti \u0161velniu re\u017eimu ne auk\u0161tesn\u0117je kaip 30 \u00b0C temperat\u016broje.<\/span><\/li>\n<li style=\"font-weight: 400;\"><span style=\"font-weight: 400;\">Lyginkite\/garinkite ne auk\u0161tesn\u0117je kaip 110 \u00b0C temperat\u016broje.<\/span><\/li>\n<li style=\"font-weight: 400;\"><span style=\"font-weight: 400;\">Nebalinti<\/span><\/li>\n<li style=\"font-weight: 400;\"><span style=\"font-weight: 400;\">Nevalyti cheminiu b\u016bdu.<\/span><\/li>\n<li style=\"font-weight: 400;\"><span style=\"font-weight: 400;\">Ned\u017eiovinti d\u017eiovykl\u0117je (kad i\u0161saugotum\u0117te kokyb\u0119).<\/span><\/li>\n<\/ul>","protected":false},"excerpt":{"rendered":"<p>Unisex fleece Joggers Jogger pants that not only hold your secrets in their pockets but also show character with bold details. Functional pockets, soft fabric, and a versatile design \u2013 making every day both comfortable and stylish! Feel comfortable and cozy in everyday activities while also being noticeable and standing out! JOGGERS Unisex design &#8211; [&hellip;]<\/p>","protected":false},"featured_media":3325,"comment_status":"open","ping_status":"closed","template":"","meta":{"_acf_changed":false,"inline_featured_image":false,"_uag_custom_page_level_css":""},"product_cat":[64,69],"product_tag":[],"class_list":{"0":"post-3320","1":"product","2":"type-product","3":"status-publish","4":"has-post-thumbnail","6":"product_cat-men","7":"product_cat-men-joggers","9":"first","10":"instock","11":"shipping-taxable","12":"purchasable","13":"product-type-variable","swatches":"rey-swatches","show_selected":"","stretch_labels":"rey-swatches--stretch-labels"},"aioseo_notices":[],"acf":[],"uagb_featured_image_src":{"full":["https:\/\/avooly.eu\/wp-content\/uploads\/2025\/09\/zigmantephoto_Web_Sized-75-1.jpg",1333,2000,false],"thumbnail":["https:\/\/avooly.eu\/wp-content\/uploads\/2025\/09\/zigmantephoto_Web_Sized-75-1-150x150.jpg",150,150,true],"medium":["https:\/\/avooly.eu\/wp-content\/uploads\/2025\/09\/zigmantephoto_Web_Sized-75-1-200x300.jpg",200,300,true],"medium_large":["https:\/\/avooly.eu\/wp-content\/uploads\/2025\/09\/zigmantephoto_Web_Sized-75-1-768x1152.jpg",768,1152,true],"large":["https:\/\/avooly.eu\/wp-content\/uploads\/2025\/09\/zigmantephoto_Web_Sized-75-1-682x1024.jpg",682,1024,true],"1536x1536":["https:\/\/avooly.eu\/wp-content\/uploads\/2025\/09\/zigmantephoto_Web_Sized-75-1-1024x1536.jpg",1024,1536,true],"2048x2048":["https:\/\/avooly.eu\/wp-content\/uploads\/2025\/09\/zigmantephoto_Web_Sized-75-1.jpg",1333,2000,false],"trp-custom-language-flag":["https:\/\/avooly.eu\/wp-content\/uploads\/2025\/09\/zigmantephoto_Web_Sized-75-1.jpg",8,12,false],"woocommerce_thumbnail":["https:\/\/avooly.eu\/wp-content\/uploads\/2025\/09\/zigmantephoto_Web_Sized-75-1-800x1200.jpg",800,1200,true],"woocommerce_single":["https:\/\/avooly.eu\/wp-content\/uploads\/2025\/09\/zigmantephoto_Web_Sized-75-1-900x1350.jpg",900,1350,true],"woocommerce_gallery_thumbnail":["https:\/\/avooly.eu\/wp-content\/uploads\/2025\/09\/zigmantephoto_Web_Sized-75-1-100x100.jpg",100,100,true]},"uagb_author_info":{"display_name":"","author_link":"https:\/\/avooly.eu\/lt\/author\/"},"uagb_comment_info":0,"uagb_excerpt":"Unisex fleece Joggers Jogger pants that not only hold your secrets in their pockets but also show character with bold details. Functional pockets, soft fabric, and a versatile design \u2013 making every day both comfortable and stylish! Feel comfortable and cozy in everyday activities while also being noticeable and standing out! JOGGERS Unisex design &#8211;&hellip;","_links":{"self":[{"href":"https:\/\/avooly.eu\/lt\/wp-json\/wp\/v2\/product\/3320","targetHints":{"allow":["GET"]}}],"collection":[{"href":"https:\/\/avooly.eu\/lt\/wp-json\/wp\/v2\/product"}],"about":[{"href":"https:\/\/avooly.eu\/lt\/wp-json\/wp\/v2\/types\/product"}],"replies":[{"embeddable":true,"href":"https:\/\/avooly.eu\/lt\/wp-json\/wp\/v2\/comments?post=3320"}],"wp:featuredmedia":[{"embeddable":true,"href":"https:\/\/avooly.eu\/lt\/wp-json\/wp\/v2\/media\/3325"}],"wp:attachment":[{"href":"https:\/\/avooly.eu\/lt\/wp-json\/wp\/v2\/media?parent=3320"}],"wp:term":[{"taxonomy":"product_cat","embeddable":true,"href":"https:\/\/avooly.eu\/lt\/wp-json\/wp\/v2\/product_cat?post=3320"},{"taxonomy":"product_tag","embeddable":true,"href":"https:\/\/avooly.eu\/lt\/wp-json\/wp\/v2\/product_tag?post=3320"}],"curies":[{"name":"wp","href":"https:\/\/api.w.org\/{rel}","templated":true}]}}