{"id":3368,"date":"2025-09-11T16:36:48","date_gmt":"2025-09-11T16:36:48","guid":{"rendered":"https:\/\/avooly.eu\/?post_type=product&#038;p=3368"},"modified":"2025-11-30T13:30:53","modified_gmt":"2025-11-30T13:30:53","slug":"lumo-flow-sweatshirt-kid","status":"publish","type":"product","link":"https:\/\/avooly.eu\/lt\/produktas\/lumo-flow-sweatshirt-kid\/","title":{"rendered":"LUMO FLOW d\u017eemperis be kapi\u0161ono"},"content":{"rendered":"<p><span style=\"font-weight: 400;\">Vaiki\u0161kas Unisex d\u017eemperis su p\u016bkeliu<\/span><\/p>\n<p><span style=\"font-weight: 400;\">\u0160is d\u017eemperis toks jaukus, \u0161iltas ir patogus, kad primena apkabinim\u0105. O dar be kapi\u0161ono \u2013 kad niekas neu\u017estot\u0173 vaizdo, kai reikia pamatyti svarbiausius dalykus: draugo \u0161ypsen\u0105, \u017eaidim\u0173 aik\u0161tel\u0119 ar lekiant\u012f aitvar\u0105.<\/span><\/p>\n<p><span style=\"font-weight: 400;\">Patogumas kiekvienam nuotykiui, jaukumas kasdienai ir stilius \u017eaismingoje \u0161ypsenoje!<\/span><\/p>\n<p><b>SWEATSHIRT<\/b><\/p>\n<ul>\n<li style=\"font-weight: 400;\" aria-level=\"1\"><span style=\"font-weight: 400;\">Unisex dizaino, pastelini\u0173 spalv\u0173 su ry\u0161kesniu akcentu<\/span><\/li>\n<li style=\"font-weight: 400;\" aria-level=\"1\"><span style=\"font-weight: 400;\">Apvali i\u0161kirpt\u0117.<\/span><\/li>\n<li style=\"font-weight: 400;\" aria-level=\"1\"><span style=\"font-weight: 400;\">Rib audinio rankogaliai ir apa\u010dia u\u017etikrina patog\u0173 ir tvirt\u0105 prigludim\u0105.<\/span><\/li>\n<\/ul>\n<p><span style=\"font-weight: 400;\">Spalvos priklauso nuo monitoriaus ar telefono \u012frenginio nustatym\u0173, tod\u0117l originali gaminio spalva gali skirtis nuo nuotraukoje pateiktos realios spalvos.<\/span><\/p>\n<p><b>Audinys<\/b><\/p>\n<p><span style=\"font-weight: 400;\">Mink\u0161tas vidutinio storio p\u016bkelis viduje suteikia \u0161ilumos ir jaukumo, tod\u0117l puikiai tinka rudeniui, \u017eiemai ir ankstyvam pavasariui. Tinkamai pri\u017ei\u016brint ilgai i\u0161laiko spalv\u0105 ir form\u0105 net po daugelio skalbim\u0173.<\/span><\/p>\n<p><b>Sud\u0117tis<\/b><\/p>\n<p><span style=\"font-weight: 400;\">80% medviln\u0117s, 20% poliesterio, su vidutinio storio p\u016bkeliu viduje.<br \/>\n<\/span><span style=\"font-weight: 400;\">Audinio tankis: 280 g\/m2<\/span><\/p>\n<p><b>Prie\u017ei\u016bra<\/b><\/p>\n<ul>\n<li><span style=\"font-weight: 400;\">Skalbti \u0161velniu re\u017eimu ne auk\u0161tesn\u0117je kaip 30 \u00b0C temperat\u016broje.<\/span><\/li>\n<li style=\"font-weight: 400;\"><span style=\"font-weight: 400;\">Lyginkite\/garinkite ne auk\u0161tesn\u0117je kaip 110 \u00b0C temperat\u016broje.<\/span><\/li>\n<li style=\"font-weight: 400;\"><span style=\"font-weight: 400;\">Nebalinti<\/span><\/li>\n<li style=\"font-weight: 400;\"><span style=\"font-weight: 400;\">Nevalyti cheminiu b\u016bdu.<\/span><\/li>\n<li style=\"font-weight: 400;\"><span style=\"font-weight: 400;\">Ned\u017eiovinti d\u017eiovykl\u0117je (kad i\u0161saugotum\u0117te kokyb\u0119).<\/span><\/li>\n<\/ul>","protected":false},"excerpt":{"rendered":"<p>Children\u2019s Unisex sweatshirt with fleece lining This sweatshirt is so cozy, warm, and comfortable it feels like a hug. And without a hood \u2013 so nothing blocks the view of what matters most: a friend\u2019s smile, the playground, or a kite flying by. Cozy for every adventure, comfort for everyday wear, and stylish with a [&hellip;]<\/p>","protected":false},"featured_media":3374,"comment_status":"open","ping_status":"closed","template":"","meta":{"_acf_changed":false,"inline_featured_image":false,"_uag_custom_page_level_css":""},"product_cat":[61,72],"product_tag":[],"class_list":{"0":"post-3368","1":"product","2":"type-product","3":"status-publish","4":"has-post-thumbnail","6":"product_cat-kids","7":"product_cat-kids-hoodies","9":"first","10":"instock","11":"shipping-taxable","12":"purchasable","13":"product-type-variable","swatches":"rey-swatches","show_selected":"","stretch_labels":"rey-swatches--stretch-labels"},"aioseo_notices":[],"acf":[],"uagb_featured_image_src":{"full":["https:\/\/avooly.eu\/wp-content\/uploads\/2025\/09\/zigmantephoto_Web_Sized-34-2.jpg",1365,2048,false],"thumbnail":["https:\/\/avooly.eu\/wp-content\/uploads\/2025\/09\/zigmantephoto_Web_Sized-34-2-150x150.jpg",150,150,true],"medium":["https:\/\/avooly.eu\/wp-content\/uploads\/2025\/09\/zigmantephoto_Web_Sized-34-2-200x300.jpg",200,300,true],"medium_large":["https:\/\/avooly.eu\/wp-content\/uploads\/2025\/09\/zigmantephoto_Web_Sized-34-2-768x1152.jpg",768,1152,true],"large":["https:\/\/avooly.eu\/wp-content\/uploads\/2025\/09\/zigmantephoto_Web_Sized-34-2-683x1024.jpg",683,1024,true],"1536x1536":["https:\/\/avooly.eu\/wp-content\/uploads\/2025\/09\/zigmantephoto_Web_Sized-34-2-1024x1536.jpg",1024,1536,true],"2048x2048":["https:\/\/avooly.eu\/wp-content\/uploads\/2025\/09\/zigmantephoto_Web_Sized-34-2.jpg",1365,2048,false],"trp-custom-language-flag":["https:\/\/avooly.eu\/wp-content\/uploads\/2025\/09\/zigmantephoto_Web_Sized-34-2.jpg",8,12,false],"woocommerce_thumbnail":["https:\/\/avooly.eu\/wp-content\/uploads\/2025\/09\/zigmantephoto_Web_Sized-34-2-800x1200.jpg",800,1200,true],"woocommerce_single":["https:\/\/avooly.eu\/wp-content\/uploads\/2025\/09\/zigmantephoto_Web_Sized-34-2-900x1350.jpg",900,1350,true],"woocommerce_gallery_thumbnail":["https:\/\/avooly.eu\/wp-content\/uploads\/2025\/09\/zigmantephoto_Web_Sized-34-2-100x100.jpg",100,100,true]},"uagb_author_info":{"display_name":"","author_link":"https:\/\/avooly.eu\/lt\/author\/"},"uagb_comment_info":0,"uagb_excerpt":"Children\u2019s Unisex sweatshirt with fleece lining This sweatshirt is so cozy, warm, and comfortable it feels like a hug. And without a hood \u2013 so nothing blocks the view of what matters most: a friend\u2019s smile, the playground, or a kite flying by. Cozy for every adventure, comfort for everyday wear, and stylish with a&hellip;","_links":{"self":[{"href":"https:\/\/avooly.eu\/lt\/wp-json\/wp\/v2\/product\/3368","targetHints":{"allow":["GET"]}}],"collection":[{"href":"https:\/\/avooly.eu\/lt\/wp-json\/wp\/v2\/product"}],"about":[{"href":"https:\/\/avooly.eu\/lt\/wp-json\/wp\/v2\/types\/product"}],"replies":[{"embeddable":true,"href":"https:\/\/avooly.eu\/lt\/wp-json\/wp\/v2\/comments?post=3368"}],"wp:featuredmedia":[{"embeddable":true,"href":"https:\/\/avooly.eu\/lt\/wp-json\/wp\/v2\/media\/3374"}],"wp:attachment":[{"href":"https:\/\/avooly.eu\/lt\/wp-json\/wp\/v2\/media?parent=3368"}],"wp:term":[{"taxonomy":"product_cat","embeddable":true,"href":"https:\/\/avooly.eu\/lt\/wp-json\/wp\/v2\/product_cat?post=3368"},{"taxonomy":"product_tag","embeddable":true,"href":"https:\/\/avooly.eu\/lt\/wp-json\/wp\/v2\/product_tag?post=3368"}],"curies":[{"name":"wp","href":"https:\/\/api.w.org\/{rel}","templated":true}]}}