{"id":3752,"date":"2025-12-03T06:06:50","date_gmt":"2025-12-03T06:06:50","guid":{"rendered":"https:\/\/avooly.eu\/?post_type=product&#038;p=3752"},"modified":"2025-12-03T06:06:51","modified_gmt":"2025-12-03T06:06:51","slug":"sulute-green-dress","status":"publish","type":"product","link":"https:\/\/avooly.eu\/lt\/produktas\/sulute-green-dress\/","title":{"rendered":"SULUT\u0116 \u017dALIA suknel\u0117"},"content":{"rendered":"<p><b>Vaiki\u0161ka suknel\u0117 SULUT\u0116 \u017ealia<\/b><\/p>\n<p><span style=\"font-weight: 400;\">Jaukumo kupina suknel\u0117 ma\u017eajai damai - miela, maloni k\u016bnui, neglam\u017ei ir tinkanti bet kuriai progai ar laisvalaikiui.<\/span><\/p>\n<p><span style=\"font-weight: 400;\">Elastinga juosmens juostel\u0117 suteikia jauk\u0173 prigludim\u0105 bei lengv\u0105 \u017eaismingum\u0105.<br \/>\n<\/span><span style=\"font-weight: 400;\">Audinys su viskoze ir \u0161iek tiek elastano, tod\u0117l puikiai prisitaiko prie judri\u0173 ma\u017e\u0173j\u0173 dienotvark\u0117s. \u0160ilta ir mink\u0161ta, tod\u0117l idealiai tinka v\u0117sesniam sezonui - ma\u017eoji tikrai nesu\u0161als ir jausis komforti\u0161kai vis\u0105 dien\u0105.<br \/>\n<\/span><span style=\"font-weight: 400;\">Suknel\u0117 nevar\u017eo judesi\u0173, gra\u017eiai gula, itin neglam\u017ei, tod\u0117l tinka tiek kasdieniams \u017eaidimams, tiek \u0161ventin\u0117ms akimirkoms ar fotosesijai.<\/span><\/p>\n<p><span style=\"font-weight: 400;\">Spalvos priklauso nuo monitoriaus ar telefono \u012frenginio nustatym\u0173, tod\u0117l originali gaminio spalva gali skirtis nuo nuotraukoje pateiktos realios spalvos.<\/span><\/p>\n<p><span style=\"font-weight: 400;\">Patogumas kiekvienam nuotykiui, jaukumas kasdienai ir stilius \u017eaismingoje \u0161ypsenoje!<\/span><\/p>\n<p><b>Kod\u0117l verta rinktis:<\/b><\/p>\n<ul>\n<li style=\"font-weight: 400;\" aria-level=\"1\"><span style=\"font-weight: 400;\">Megzto audinio imitacija - kuria jaukumo ir mink\u0161tumo \u012fsp\u016bd\u012f.<\/span><\/li>\n<li style=\"font-weight: 400;\" aria-level=\"1\"><span style=\"font-weight: 400;\">Auk\u0161tintas liemuo su elastine liemens juosta - patogus prigludimas, intensyvios veiklos metu.<\/span><\/li>\n<li style=\"font-weight: 400;\" aria-level=\"1\"><span style=\"font-weight: 400;\">Talpios \u0161onin\u0117s ki\u0161en\u0117s - patogi svarbi\u0173 daikt\u0173 saugykla.<\/span><\/li>\n<li style=\"font-weight: 400;\" aria-level=\"1\"><span style=\"font-weight: 400;\">\u0160ilta ir jauki - puikus pasirinkimas ruden\u012f\/\u017eiema ar ankstyv\u0105 pavasar\u012f.<\/span><\/li>\n<li style=\"font-weight: 400;\" aria-level=\"1\"><span style=\"font-weight: 400;\">Galimyb\u0117 derinti su mamos suknel\u0117s modeliu \u2014 tobulas \u201emama &amp; mini\u201c duetas.<\/span><\/li>\n<\/ul>\n<p><b>Audinys:<\/b><\/p>\n<ul>\n<li><span style=\"font-weight: 400;\">81% poliesteris, 16% viskoz\u0117, 3% elastanas.<\/span><\/li>\n<li><span style=\"font-weight: 400;\">Audinio tankis <\/span><span style=\"font-weight: 400;\">340<\/span><span style=\"font-weight: 400;\">g\/m2.<\/span><\/li>\n<\/ul>\n<p><strong>Prie\u017ei\u016bra:<\/strong><\/p>\n<ul>\n<li style=\"font-weight: 400;\" aria-level=\"1\"><span style=\"font-weight: 400;\">Skalbti \u0161velniu re\u017eimu ne auk\u0161tesn\u0117je kaip 30 \u00b0C temperat\u016broje.<\/span><\/li>\n<li style=\"font-weight: 400;\" aria-level=\"1\"><span style=\"font-weight: 400;\">Lyginkite\/garinkite ne auk\u0161tesn\u0117je kaip 110 \u00b0C temperat\u016broje.<\/span><\/li>\n<li style=\"font-weight: 400;\" aria-level=\"1\"><span style=\"font-weight: 400;\">Nebalinti.<\/span><\/li>\n<li style=\"font-weight: 400;\" aria-level=\"1\"><span style=\"font-weight: 400;\">Ned\u017eiovinti d\u017eiovykl\u0117je (kad i\u0161saugotum\u0117te kokyb\u0119).<\/span><\/li>\n<\/ul>","protected":false},"excerpt":{"rendered":"<p>Kids dress SULUTE green A cozy dress for a little lady &#8211; cute, comfortable, not too tight and suitable for any occasion or leisure time. The elastic waistband provides a cozy fit and light playfulness. The fabric with viscose and a little elastane, so it adapts perfectly to the active daily routine of little ones. [&hellip;]<\/p>","protected":false},"featured_media":3758,"comment_status":"open","ping_status":"closed","template":"","meta":{"_acf_changed":false,"inline_featured_image":false,"_uag_custom_page_level_css":""},"product_cat":[84,61],"product_tag":[],"class_list":{"0":"post-3752","1":"product","2":"type-product","3":"status-publish","4":"has-post-thumbnail","6":"product_cat-kids-dress","7":"product_cat-kids","9":"first","10":"instock","11":"shipping-taxable","12":"purchasable","13":"product-type-variable","swatches":"rey-swatches","show_selected":"","stretch_labels":"rey-swatches--stretch-labels"},"aioseo_notices":[],"acf":[],"uagb_featured_image_src":{"full":["https:\/\/avooly.eu\/wp-content\/uploads\/2025\/11\/Valantine_WebSized-8.jpg",910,1365,false],"thumbnail":["https:\/\/avooly.eu\/wp-content\/uploads\/2025\/11\/Valantine_WebSized-8-150x150.jpg",150,150,true],"medium":["https:\/\/avooly.eu\/wp-content\/uploads\/2025\/11\/Valantine_WebSized-8-200x300.jpg",200,300,true],"medium_large":["https:\/\/avooly.eu\/wp-content\/uploads\/2025\/11\/Valantine_WebSized-8-768x1152.jpg",768,1152,true],"large":["https:\/\/avooly.eu\/wp-content\/uploads\/2025\/11\/Valantine_WebSized-8-683x1024.jpg",683,1024,true],"1536x1536":["https:\/\/avooly.eu\/wp-content\/uploads\/2025\/11\/Valantine_WebSized-8.jpg",910,1365,false],"2048x2048":["https:\/\/avooly.eu\/wp-content\/uploads\/2025\/11\/Valantine_WebSized-8.jpg",910,1365,false],"trp-custom-language-flag":["https:\/\/avooly.eu\/wp-content\/uploads\/2025\/11\/Valantine_WebSized-8-8x12.jpg",8,12,true],"woocommerce_thumbnail":["https:\/\/avooly.eu\/wp-content\/uploads\/2025\/11\/Valantine_WebSized-8-800x1200.jpg",800,1200,true],"woocommerce_single":["https:\/\/avooly.eu\/wp-content\/uploads\/2025\/11\/Valantine_WebSized-8-900x1350.jpg",900,1350,true],"woocommerce_gallery_thumbnail":["https:\/\/avooly.eu\/wp-content\/uploads\/2025\/11\/Valantine_WebSized-8-100x100.jpg",100,100,true]},"uagb_author_info":{"display_name":"","author_link":"https:\/\/avooly.eu\/lt\/author\/"},"uagb_comment_info":0,"uagb_excerpt":"Kids dress SULUTE green A cozy dress for a little lady &#8211; cute, comfortable, not too tight and suitable for any occasion or leisure time. The elastic waistband provides a cozy fit and light playfulness. The fabric with viscose and a little elastane, so it adapts perfectly to the active daily routine of little ones.&hellip;","_links":{"self":[{"href":"https:\/\/avooly.eu\/lt\/wp-json\/wp\/v2\/product\/3752","targetHints":{"allow":["GET"]}}],"collection":[{"href":"https:\/\/avooly.eu\/lt\/wp-json\/wp\/v2\/product"}],"about":[{"href":"https:\/\/avooly.eu\/lt\/wp-json\/wp\/v2\/types\/product"}],"replies":[{"embeddable":true,"href":"https:\/\/avooly.eu\/lt\/wp-json\/wp\/v2\/comments?post=3752"}],"wp:featuredmedia":[{"embeddable":true,"href":"https:\/\/avooly.eu\/lt\/wp-json\/wp\/v2\/media\/3758"}],"wp:attachment":[{"href":"https:\/\/avooly.eu\/lt\/wp-json\/wp\/v2\/media?parent=3752"}],"wp:term":[{"taxonomy":"product_cat","embeddable":true,"href":"https:\/\/avooly.eu\/lt\/wp-json\/wp\/v2\/product_cat?post=3752"},{"taxonomy":"product_tag","embeddable":true,"href":"https:\/\/avooly.eu\/lt\/wp-json\/wp\/v2\/product_tag?post=3752"}],"curies":[{"name":"wp","href":"https:\/\/api.w.org\/{rel}","templated":true}]}}